{"id":1008,"date":"2025-03-11T11:35:27","date_gmt":"2025-03-11T15:35:27","guid":{"rendered":"https:\/\/a75d40d4bc.nxcli.io\/goiania\/?page_id=1008"},"modified":"2025-06-17T10:05:23","modified_gmt":"2025-06-17T14:05:23","slug":"acoes-de-estimulo-a-producao-de-conhecimento","status":"publish","type":"page","link":"https:\/\/faculdadesantateresa.edu.br\/goiania\/acoes-de-estimulo-a-producao-de-conhecimento\/","title":{"rendered":"A\u00e7\u00f5es de Est\u00edmulo \u00e0 Produ\u00e7\u00e3o de Conhecimento"},"content":{"rendered":"\t\t<div data-elementor-type=\"wp-page\" data-elementor-id=\"1008\" class=\"elementor elementor-1008\">\n\t\t\t\t\t\t<section class=\"elementor-section elementor-top-section elementor-element elementor-element-98b1e1f elementor-section-stretched elementor-section-boxed elementor-section-height-default elementor-section-height-default\" data-id=\"98b1e1f\" data-element_type=\"section\" data-e-type=\"section\" data-settings=\"{&quot;stretch_section&quot;:&quot;section-stretched&quot;,&quot;jet_parallax_layout_list&quot;:[],&quot;background_background&quot;:&quot;slideshow&quot;,&quot;background_slideshow_gallery&quot;:[{&quot;id&quot;:1020,&quot;url&quot;:&quot;https:\\\/\\\/faculdadesantateresa.edu.br\\\/goiania\\\/wp-content\\\/uploads\\\/2025\\\/06\\\/FST-Entrada-da-Sede.webp&quot;}],&quot;background_slideshow_loop&quot;:&quot;yes&quot;,&quot;background_slideshow_slide_duration&quot;:5000,&quot;background_slideshow_slide_transition&quot;:&quot;fade&quot;,&quot;background_slideshow_transition_duration&quot;:500}\">\n\t\t\t\t\t\t\t<div class=\"elementor-background-overlay\"><\/div>\n\t\t\t\t\t\t\t<div class=\"elementor-container elementor-column-gap-default\">\n\t\t\t\t\t<div class=\"elementor-column elementor-col-100 elementor-top-column elementor-element elementor-element-d3cda49\" data-id=\"d3cda49\" data-element_type=\"column\" data-e-type=\"column\">\n\t\t\t<div class=\"elementor-widget-wrap elementor-element-populated\">\n\t\t\t\t\t\t<section class=\"elementor-section elementor-inner-section elementor-element elementor-element-95a299b elementor-section-boxed elementor-section-height-default elementor-section-height-default\" data-id=\"95a299b\" data-element_type=\"section\" data-e-type=\"section\" data-settings=\"{&quot;jet_parallax_layout_list&quot;:[]}\">\n\t\t\t\t\t\t<div class=\"elementor-container elementor-column-gap-default\">\n\t\t\t\t\t<div class=\"elementor-column elementor-col-100 elementor-inner-column elementor-element elementor-element-e52d0f4\" data-id=\"e52d0f4\" data-element_type=\"column\" data-e-type=\"column\">\n\t\t\t<div class=\"elementor-widget-wrap elementor-element-populated\">\n\t\t\t\t\t\t<div class=\"elementor-element elementor-element-6332062 elementor-widget elementor-widget-raven-post-title\" data-id=\"6332062\" data-element_type=\"widget\" data-e-type=\"widget\" data-widget_type=\"raven-post-title.default\">\n\t\t\t\t<div class=\"elementor-widget-container\">\n\t\t\t\t\t<h1 class=\"raven-post-title\">A\u00e7\u00f5es de Est\u00edmulo \u00e0 Produ\u00e7\u00e3o de Conhecimento<\/h1>\t\t\t\t<\/div>\n\t\t\t\t<\/div>\n\t\t\t\t\t<\/div>\n\t\t<\/div>\n\t\t\t\t\t<\/div>\n\t\t<\/section>\n\t\t\t\t\t<\/div>\n\t\t<\/div>\n\t\t\t\t\t<\/div>\n\t\t<\/section>\n\t\t\t\t<section class=\"elementor-section elementor-top-section elementor-element elementor-element-c64f808 elementor-section-boxed elementor-section-height-default elementor-section-height-default\" data-id=\"c64f808\" data-element_type=\"section\" data-e-type=\"section\" data-settings=\"{&quot;jet_parallax_layout_list&quot;:[]}\">\n\t\t\t\t\t\t<div class=\"elementor-container elementor-column-gap-default\">\n\t\t\t\t\t<div class=\"elementor-column elementor-col-100 elementor-top-column elementor-element elementor-element-528f56e\" data-id=\"528f56e\" data-element_type=\"column\" data-e-type=\"column\">\n\t\t\t<div class=\"elementor-widget-wrap elementor-element-populated\">\n\t\t\t\t\t\t<div class=\"elementor-element elementor-element-39be315 elementor-widget elementor-widget-heading\" data-id=\"39be315\" data-element_type=\"widget\" data-e-type=\"widget\" data-widget_type=\"heading.default\">\n\t\t\t\t<div class=\"elementor-widget-container\">\n\t\t\t\t\t<h2 class=\"elementor-heading-title elementor-size-default\">Acompanhamento de Egressos<\/h2>\t\t\t\t<\/div>\n\t\t\t\t<\/div>\n\t\t\t\t<div class=\"elementor-element elementor-element-a1309b9 elementor-widget elementor-widget-text-editor\" data-id=\"a1309b9\" data-element_type=\"widget\" data-e-type=\"widget\" data-widget_type=\"text-editor.default\">\n\t\t\t\t<div class=\"elementor-widget-container\">\n\t\t\t\t\t\t\t\t\t<p style=\"text-align: justify;\">A FACULDADE SANTA TERESA implantar\u00e1 Programa de Acompanhamento dos Egressos, tendo como objetivo estreitar o relacionamento entre a Institui\u00e7\u00e3o e seus ex-alunos, desencadeando a\u00e7\u00f5es de aproxima\u00e7\u00e3o, contato direto e permanente, por meio de todas as formas de comunica\u00e7\u00e3o poss\u00edveis e vi\u00e1veis. Para tanto, foram adotadas algumas a\u00e7\u00f5es, tais como: Cria\u00e7\u00e3o de base dados, com informa\u00e7\u00f5es atualizadas dos egressos; Cria\u00e7\u00e3o de n\u00facleo de ex-alunos, a fim de manter di\u00e1logo constante com os mesmos, oferecendo espa\u00e7os de debates sobre sua vida profissional e atua\u00e7\u00e3o social; Disponibiliza\u00e7\u00e3o aos egressos de informa\u00e7\u00f5es sobre eventos, cursos, atividades e oportunidades oferecidas pela IES, a fim de promover relacionamento cont\u00ednuo entre a Institui\u00e7\u00e3o e seus egressos.<\/p><p style=\"text-align: justify;\">\u00a0<\/p>\t\t\t\t\t\t\t\t<\/div>\n\t\t\t\t<\/div>\n\t\t\t\t<div class=\"elementor-element elementor-element-3167f95 elementor-widget elementor-widget-heading\" data-id=\"3167f95\" data-element_type=\"widget\" data-e-type=\"widget\" data-widget_type=\"heading.default\">\n\t\t\t\t<div class=\"elementor-widget-container\">\n\t\t\t\t\t<h3 class=\"elementor-heading-title elementor-size-default\">Comunica\u00e7\u00e3o da IES com a Comunidade Externa e Interna<\/h3>\t\t\t\t<\/div>\n\t\t\t\t<\/div>\n\t\t\t\t<div class=\"elementor-element elementor-element-51027b8 elementor-widget elementor-widget-text-editor\" data-id=\"51027b8\" data-element_type=\"widget\" data-e-type=\"widget\" data-widget_type=\"text-editor.default\">\n\t\t\t\t<div class=\"elementor-widget-container\">\n\t\t\t\t\t\t\t\t\t<p style=\"text-align: justify;\">Por ser a atua\u00e7\u00e3o de uma IES uma tarefa de responsabilidade coletiva, pois beneficia o conjunto da sociedade, a comunica\u00e7\u00e3o institucional objetiva fomentar, interna e externamente, o conhecimento p\u00fablico sobre a Institui\u00e7\u00e3o, seus projetos, pol\u00edticas e realiza\u00e7\u00f5es, bem como, contribuir para o desenvolvimento de uma imagem institucional consistente e garantir o acesso do p\u00fablico \u00e0s informa\u00e7\u00f5es sobre as atribui\u00e7\u00f5es que exerce, de forma a possibilitar a cr\u00edtica e o controle social sobre as a\u00e7\u00f5es realizadas<\/p><p style=\"text-align: justify;\">J\u00e1 a comunica\u00e7\u00e3o interna \u00e9 o processo pelo os membros da IES podem agir de maneira segura e assertiva em busca de seus objetivos institucionais. Em uma Institui\u00e7\u00e3o de Ensino Superior, a comunica\u00e7\u00e3o correta dos fluxos, processos e atividades \u00e9 essencial para que todos consigam trabalhar em torno da miss\u00e3o, vis\u00e3o e valores institucionais, por ser um local de constante fluxo de pessoas, todos devem estar aptos a informar e\/ou orientar \u00e0queles que buscam informa\u00e7\u00f5es.<\/p><p style=\"text-align: justify;\">No site da faculdade Santa Teresa a comunidade em geral poder\u00e1 ter acesso a:<\/p><ul><li style=\"text-align: justify;\">Atos Legais;<\/li><li>\u00c1udios e v\u00eddeos institucionais;<\/li><li>Banco de Imagens;<\/li><li>Biblioteca;<\/li><li>Calend\u00e1rio Institucional;<\/li><li>CPA;<\/li><li>Editais;<\/li><li>Estrutura Organizacional;<\/li><li>Estatutos e Regimentos;<\/li><li>Guia Telef\u00f4nico;<\/li><li>Link para acesso a \u00e1rea restrita de uso do aluno;<\/li><li>Link para acesso a \u00e1rea restrita de uso do docente;<\/li><li>Matrizes Curriculares e Informa\u00e7\u00f5es sobre Cursos de Gradua\u00e7\u00e3o e P\u00f3s-Gradua\u00e7\u00e3o;<\/li><li>Ouvidoria;<\/li><li>Publica\u00e7\u00f5es;<\/li><li>Recursos Humanos;<\/li><li>Webmail.<\/li><\/ul>\t\t\t\t\t\t\t\t<\/div>\n\t\t\t\t<\/div>\n\t\t\t\t<div class=\"elementor-element elementor-element-bd10c9c elementor-widget elementor-widget-heading\" data-id=\"bd10c9c\" data-element_type=\"widget\" data-e-type=\"widget\" data-widget_type=\"heading.default\">\n\t\t\t\t<div class=\"elementor-widget-container\">\n\t\t\t\t\t<h3 class=\"elementor-heading-title elementor-size-default\">Publica\u00e7\u00f5es Acad\u00eamico-Cient\u00edficas<\/h3>\t\t\t\t<\/div>\n\t\t\t\t<\/div>\n\t\t\t\t<div class=\"elementor-element elementor-element-d6384b1 elementor-widget elementor-widget-text-editor\" data-id=\"d6384b1\" data-element_type=\"widget\" data-e-type=\"widget\" data-widget_type=\"text-editor.default\">\n\t\t\t\t<div class=\"elementor-widget-container\">\n\t\t\t\t\t\t\t\t\t<p style=\"text-align: justify;\">A Faculdade Santa Teresa, como uma institui\u00e7\u00e3o de n\u00edvel superior preza e estimula publica\u00e7\u00f5es cient\u00edficas de discentes e docentes, sendo uma institui\u00e7\u00e3o entusiasta da ci\u00eancia. Assim, temos constantemente apoiado nossos professores em publica\u00e7\u00f5es e participa\u00e7\u00f5es de eventos cient\u00edficos que possam contribuir para o desenvolvimento da ci\u00eancia.<\/p>\t\t\t\t\t\t\t\t<\/div>\n\t\t\t\t<\/div>\n\t\t\t\t<div class=\"elementor-element elementor-element-f503659 elementor-widget elementor-widget-heading\" data-id=\"f503659\" data-element_type=\"widget\" data-e-type=\"widget\" data-widget_type=\"heading.default\">\n\t\t\t\t<div class=\"elementor-widget-container\">\n\t\t\t\t\t<h3 class=\"elementor-heading-title elementor-size-default\">S\u00e1bado Integrador<\/h3>\t\t\t\t<\/div>\n\t\t\t\t<\/div>\n\t\t\t\t\t<\/div>\n\t\t<\/div>\n\t\t\t\t\t<\/div>\n\t\t<\/section>\n\t\t\t\t<\/div>\n\t\t","protected":false},"excerpt":{"rendered":"<p>Acompanhamento de Egressos A FACULDADE SANTA TERESA implantar\u00e1 Programa de Acompanhamento dos Egressos, tendo como objetivo estreitar o relacionamento entre a Institui\u00e7\u00e3o e seus ex-alunos, desencadeando a\u00e7\u00f5es de aproxima\u00e7\u00e3o, contato direto e permanente, por meio de todas as formas de comunica\u00e7\u00e3o poss\u00edveis e vi\u00e1veis. Para tanto, foram adotadas algumas a\u00e7\u00f5es, tais como: Cria\u00e7\u00e3o de base [&hellip;]<\/p>\n","protected":false},"author":6,"featured_media":0,"parent":0,"menu_order":0,"comment_status":"closed","ping_status":"closed","template":"","meta":{"_acf_changed":false,"footnotes":""},"class_list":["post-1008","page","type-page","status-publish","hentry"],"acf":[],"_links":{"self":[{"href":"https:\/\/faculdadesantateresa.edu.br\/goiania\/wp-json\/wp\/v2\/pages\/1008","targetHints":{"allow":["GET"]}}],"collection":[{"href":"https:\/\/faculdadesantateresa.edu.br\/goiania\/wp-json\/wp\/v2\/pages"}],"about":[{"href":"https:\/\/faculdadesantateresa.edu.br\/goiania\/wp-json\/wp\/v2\/types\/page"}],"author":[{"embeddable":true,"href":"https:\/\/faculdadesantateresa.edu.br\/goiania\/wp-json\/wp\/v2\/users\/6"}],"replies":[{"embeddable":true,"href":"https:\/\/faculdadesantateresa.edu.br\/goiania\/wp-json\/wp\/v2\/comments?post=1008"}],"version-history":[{"count":6,"href":"https:\/\/faculdadesantateresa.edu.br\/goiania\/wp-json\/wp\/v2\/pages\/1008\/revisions"}],"predecessor-version":[{"id":1023,"href":"https:\/\/faculdadesantateresa.edu.br\/goiania\/wp-json\/wp\/v2\/pages\/1008\/revisions\/1023"}],"wp:attachment":[{"href":"https:\/\/faculdadesantateresa.edu.br\/goiania\/wp-json\/wp\/v2\/media?parent=1008"}],"curies":[{"name":"wp","href":"https:\/\/api.w.org\/{rel}","templated":true}]}}