{"id":1170,"date":"2025-07-07T10:48:19","date_gmt":"2025-07-07T14:48:19","guid":{"rendered":"https:\/\/a75d40d4bc.nxcli.io\/goiania\/?page_id=1170"},"modified":"2025-07-07T11:18:01","modified_gmt":"2025-07-07T15:18:01","slug":"vestibular-online","status":"publish","type":"page","link":"https:\/\/faculdadesantateresa.edu.br\/goiania\/vestibular-online\/","title":{"rendered":"Vestibular Online"},"content":{"rendered":"\t\t<div data-elementor-type=\"wp-page\" data-elementor-id=\"1170\" class=\"elementor elementor-1170\">\n\t\t\t\t\t\t<section class=\"elementor-section elementor-top-section elementor-element elementor-element-5389bcf elementor-section-stretched elementor-section-boxed elementor-section-height-default elementor-section-height-default\" data-id=\"5389bcf\" data-element_type=\"section\" data-e-type=\"section\" data-settings=\"{&quot;stretch_section&quot;:&quot;section-stretched&quot;,&quot;jet_parallax_layout_list&quot;:[],&quot;background_background&quot;:&quot;slideshow&quot;,&quot;background_slideshow_gallery&quot;:[{&quot;id&quot;:1020,&quot;url&quot;:&quot;https:\\\/\\\/faculdadesantateresa.edu.br\\\/goiania\\\/wp-content\\\/uploads\\\/2025\\\/06\\\/FST-Entrada-da-Sede.webp&quot;}],&quot;background_slideshow_loop&quot;:&quot;yes&quot;,&quot;background_slideshow_slide_duration&quot;:5000,&quot;background_slideshow_slide_transition&quot;:&quot;fade&quot;,&quot;background_slideshow_transition_duration&quot;:500}\">\n\t\t\t\t\t\t\t<div class=\"elementor-background-overlay\"><\/div>\n\t\t\t\t\t\t\t<div class=\"elementor-container elementor-column-gap-default\">\n\t\t\t\t\t<div class=\"elementor-column elementor-col-100 elementor-top-column elementor-element elementor-element-936c04b\" data-id=\"936c04b\" data-element_type=\"column\" data-e-type=\"column\">\n\t\t\t<div class=\"elementor-widget-wrap elementor-element-populated\">\n\t\t\t\t\t\t<section class=\"elementor-section elementor-inner-section elementor-element elementor-element-c40288f elementor-section-boxed elementor-section-height-default elementor-section-height-default\" data-id=\"c40288f\" data-element_type=\"section\" data-e-type=\"section\" data-settings=\"{&quot;jet_parallax_layout_list&quot;:[]}\">\n\t\t\t\t\t\t<div class=\"elementor-container elementor-column-gap-default\">\n\t\t\t\t\t<div class=\"elementor-column elementor-col-100 elementor-inner-column elementor-element elementor-element-4fff088\" data-id=\"4fff088\" data-element_type=\"column\" data-e-type=\"column\">\n\t\t\t<div class=\"elementor-widget-wrap elementor-element-populated\">\n\t\t\t\t\t\t<div class=\"elementor-element elementor-element-0e2346a elementor-widget elementor-widget-raven-post-title\" data-id=\"0e2346a\" data-element_type=\"widget\" data-e-type=\"widget\" data-widget_type=\"raven-post-title.default\">\n\t\t\t\t<div class=\"elementor-widget-container\">\n\t\t\t\t\t<h1 class=\"raven-post-title\">Vestibular Online<\/h1>\t\t\t\t<\/div>\n\t\t\t\t<\/div>\n\t\t\t\t\t<\/div>\n\t\t<\/div>\n\t\t\t\t\t<\/div>\n\t\t<\/section>\n\t\t\t\t\t<\/div>\n\t\t<\/div>\n\t\t\t\t\t<\/div>\n\t\t<\/section>\n\t\t\t\t<section class=\"elementor-section elementor-top-section elementor-element elementor-element-1d52293 elementor-section-boxed elementor-section-height-default elementor-section-height-default\" data-id=\"1d52293\" data-element_type=\"section\" data-e-type=\"section\" data-settings=\"{&quot;jet_parallax_layout_list&quot;:[]}\">\n\t\t\t\t\t\t<div class=\"elementor-container elementor-column-gap-default\">\n\t\t\t\t\t<div class=\"elementor-column elementor-col-100 elementor-top-column elementor-element elementor-element-0264c61\" data-id=\"0264c61\" data-element_type=\"column\" data-e-type=\"column\">\n\t\t\t<div class=\"elementor-widget-wrap elementor-element-populated\">\n\t\t\t\t\t\t<div class=\"elementor-element elementor-element-49f5006 elementor-widget elementor-widget-shortcode\" data-id=\"49f5006\" data-element_type=\"widget\" data-e-type=\"widget\" data-widget_type=\"shortcode.default\">\n\t\t\t\t<div class=\"elementor-widget-container\">\n\t\t\t\t\t\t\t<div class=\"elementor-shortcode\"><script type=\"text\/javascript\">\n\/* <![CDATA[ *\/\nvar gform;gform||(document.addEventListener(\"gform_main_scripts_loaded\",function(){gform.scriptsLoaded=!0}),document.addEventListener(\"gform\/theme\/scripts_loaded\",function(){gform.themeScriptsLoaded=!0}),window.addEventListener(\"DOMContentLoaded\",function(){gform.domLoaded=!0}),gform={domLoaded:!1,scriptsLoaded:!1,themeScriptsLoaded:!1,isFormEditor:()=>\"function\"==typeof InitializeEditor,callIfLoaded:function(o){return!(!gform.domLoaded||!gform.scriptsLoaded||!gform.themeScriptsLoaded&&!gform.isFormEditor()||(gform.isFormEditor()&&console.warn(\"The use of gform.initializeOnLoaded() is deprecated in the form editor context and will be removed in Gravity Forms 3.1.\"),o(),0))},initializeOnLoaded:function(o){gform.callIfLoaded(o)||(document.addEventListener(\"gform_main_scripts_loaded\",()=>{gform.scriptsLoaded=!0,gform.callIfLoaded(o)}),document.addEventListener(\"gform\/theme\/scripts_loaded\",()=>{gform.themeScriptsLoaded=!0,gform.callIfLoaded(o)}),window.addEventListener(\"DOMContentLoaded\",()=>{gform.domLoaded=!0,gform.callIfLoaded(o)}))},hooks:{action:{},filter:{}},addAction:function(o,r,e,t){gform.addHook(\"action\",o,r,e,t)},addFilter:function(o,r,e,t){gform.addHook(\"filter\",o,r,e,t)},doAction:function(o){gform.doHook(\"action\",o,arguments)},applyFilters:function(o){return gform.doHook(\"filter\",o,arguments)},removeAction:function(o,r){gform.removeHook(\"action\",o,r)},removeFilter:function(o,r,e){gform.removeHook(\"filter\",o,r,e)},addHook:function(o,r,e,t,n){null==gform.hooks[o][r]&&(gform.hooks[o][r]=[]);var d=gform.hooks[o][r];null==n&&(n=r+\"_\"+d.length),gform.hooks[o][r].push({tag:n,callable:e,priority:t=null==t?10:t})},doHook:function(r,o,e){var t;if(e=Array.prototype.slice.call(e,1),null!=gform.hooks[r][o]&&((o=gform.hooks[r][o]).sort(function(o,r){return o.priority-r.priority}),o.forEach(function(o){\"function\"!=typeof(t=o.callable)&&(t=window[t]),\"action\"==r?t.apply(null,e):e[0]=t.apply(null,e)})),\"filter\"==r)return e[0]},removeHook:function(o,r,t,n){var e;null!=gform.hooks[o][r]&&(e=(e=gform.hooks[o][r]).filter(function(o,r,e){return!!(null!=n&&n!=o.tag||null!=t&&t!=o.priority)}),gform.hooks[o][r]=e)}});\n\/* ]]> *\/\n<\/script>\n\n                <div class='gf_browser_gecko gform_wrapper gravity-theme gform-theme--no-framework' data-form-theme='gravity-theme' data-form-index='0' id='gform_wrapper_4' style='display:none'>\n                        <div class='gform_heading'>\n                            <p class='gform_description'><\/p>\n                        <\/div><form method='post' enctype='multipart\/form-data'  id='gform_4'  action='\/goiania\/wp-json\/wp\/v2\/pages\/1170' data-formid='4' novalidate>\n                        <div class='gform-body gform_body'><div id='gform_fields_4' class='gform_fields top_label form_sublabel_below description_below validation_below'><div id=\"field_4_1\" class=\"gfield gfield--type-hidden gfield--input-type-hidden gform_hidden field_sublabel_below gfield--no-description field_description_below field_validation_below gfield_visibility_visible\"  ><div class='ginput_container ginput_container_text'><input name='input_1' id='input_4_1' type='hidden' class='gform_hidden'  aria-invalid=\"false\" value='15\/04\/2026' \/><\/div><\/div><div id=\"field_4_3\" class=\"gfield gfield--type-text gfield--input-type-text gfield--width-full gfield_contains_required field_sublabel_below gfield--no-description field_description_below field_validation_below gfield_visibility_visible\"  ><label class='gfield_label gform-field-label' for='input_4_3'>Nome<span class=\"gfield_required\"><span class=\"gfield_required gfield_required_text\">(obrigat\u00f3rio)<\/span><\/span><\/label><div class='ginput_container ginput_container_text'><input name='input_3' id='input_4_3' type='text' value='' class='large'    placeholder='Seu nome' aria-required=\"true\" aria-invalid=\"false\"   \/><\/div><\/div><div id=\"field_4_4\" class=\"gfield gfield--type-text gfield--input-type-text gfield--width-full gfield_contains_required field_sublabel_below gfield--no-description field_description_below field_validation_below gfield_visibility_visible\"  ><label class='gfield_label gform-field-label' for='input_4_4'>CPF<span class=\"gfield_required\"><span class=\"gfield_required gfield_required_text\">(obrigat\u00f3rio)<\/span><\/span><\/label><div class='ginput_container ginput_container_text'><input name='input_4' id='input_4_4' type='text' value='' class='large'    placeholder='Seu CPF' aria-required=\"true\" aria-invalid=\"false\"   \/><\/div><\/div><div id=\"field_4_5\" class=\"gfield gfield--type-text gfield--input-type-text gfield--width-full gfield_contains_required field_sublabel_below gfield--no-description field_description_below field_validation_below gfield_visibility_visible\"  ><label class='gfield_label gform-field-label' for='input_4_5'>Telefone<span class=\"gfield_required\"><span class=\"gfield_required gfield_required_text\">(obrigat\u00f3rio)<\/span><\/span><\/label><div class='ginput_container ginput_container_text'><input name='input_5' id='input_4_5' type='text' value='' class='large'    placeholder='Seu telefone' aria-required=\"true\" aria-invalid=\"false\"   \/><\/div><\/div><div id=\"field_4_6\" class=\"gfield gfield--type-select gfield--input-type-select gfield--width-full gfield_contains_required field_sublabel_below gfield--no-description field_description_below field_validation_below gfield_visibility_visible\"  ><label class='gfield_label gform-field-label' for='input_4_6'>Curso<span class=\"gfield_required\"><span class=\"gfield_required gfield_required_text\">(obrigat\u00f3rio)<\/span><\/span><\/label><div class='ginput_container ginput_container_select'><select name='input_6' id='input_4_6' class='large gfield_select'    aria-required=\"true\" aria-invalid=\"false\" ><option value='' selected='selected' class='gf_placeholder'>Selecione o curso que deseja<\/option><option value='Administra\u00e7\u00e3o' >Administra\u00e7\u00e3o<\/option><option value='Arquitetura e Urbanismo' >Arquitetura e Urbanismo<\/option><option value='Biomedicina' >Biomedicina<\/option><option value='Ci\u00eancias Cont\u00e1beis' >Ci\u00eancias Cont\u00e1beis<\/option><option value='Design de Moda' >Design de Moda<\/option><option value='Direito' >Direito<\/option><option value='Enfermagem' >Enfermagem<\/option><option value='Farm\u00e1cia' >Farm\u00e1cia<\/option><option value='Gastronomia' >Gastronomia<\/option><option value='Log\u00edstica' >Log\u00edstica<\/option><option value='Nutri\u00e7\u00e3o' >Nutri\u00e7\u00e3o<\/option><option value='Odontologia' >Odontologia<\/option><option value='Pedagogia - EAD' >Pedagogia - EAD<\/option><option value='Pedagogia - Presencial' >Pedagogia - Presencial<\/option><option value='Psicologia' >Psicologia<\/option><\/select><\/div><\/div><fieldset id=\"field_4_7\" class=\"gfield gfield--type-radio gfield--type-choice gfield--input-type-radio gfield--width-full gf_list_inline gfield_contains_required field_sublabel_below gfield--no-description field_description_below field_validation_below gfield_visibility_visible\"  ><legend class='gfield_label gform-field-label' >De onde voc\u00ea conhece a Santa Teresa?<span class=\"gfield_required\"><span class=\"gfield_required gfield_required_text\">(obrigat\u00f3rio)<\/span><\/span><\/legend><div class='ginput_container ginput_container_radio'><div class='gfield_radio' id='input_4_7'>\n\t\t\t<div class='gchoice gchoice_4_7_0'>\n\t\t\t\t\t<input class='gfield-choice-input' name='input_7' type='radio' value='Redes Sociais'  id='choice_4_7_0' onchange='gformToggleRadioOther( this )'    \/>\n\t\t\t\t\t<label for='choice_4_7_0' id='label_4_7_0' class='gform-field-label gform-field-label--type-inline'>Redes Sociais<\/label>\n\t\t\t<\/div>\n\t\t\t<div class='gchoice gchoice_4_7_1'>\n\t\t\t\t\t<input class='gfield-choice-input' name='input_7' type='radio' value='Internet'  id='choice_4_7_1' onchange='gformToggleRadioOther( this )'    \/>\n\t\t\t\t\t<label for='choice_4_7_1' id='label_4_7_1' class='gform-field-label gform-field-label--type-inline'>Internet<\/label>\n\t\t\t<\/div>\n\t\t\t<div class='gchoice gchoice_4_7_2'>\n\t\t\t\t\t<input class='gfield-choice-input' name='input_7' type='radio' value='TV, r\u00e1dio e jornais'  id='choice_4_7_2' onchange='gformToggleRadioOther( this )'    \/>\n\t\t\t\t\t<label for='choice_4_7_2' id='label_4_7_2' class='gform-field-label gform-field-label--type-inline'>TV, r\u00e1dio e jornais<\/label>\n\t\t\t<\/div>\n\t\t\t<div class='gchoice gchoice_4_7_3'>\n\t\t\t\t\t<input class='gfield-choice-input' name='input_7' type='radio' value='Consultor'  id='choice_4_7_3' onchange='gformToggleRadioOther( this )'    \/>\n\t\t\t\t\t<label for='choice_4_7_3' id='label_4_7_3' class='gform-field-label gform-field-label--type-inline'>Consultor<\/label>\n\t\t\t<\/div><\/div><\/div><\/fieldset><fieldset id=\"field_4_8\" class=\"gfield gfield--type-radio gfield--type-choice gfield--input-type-radio gfield--width-full gf_list_inline gfield_contains_required field_sublabel_below gfield--no-description field_description_below field_validation_below gfield_visibility_visible\"  ><legend class='gfield_label gform-field-label' >Deseja indicar um consultor?<span class=\"gfield_required\"><span class=\"gfield_required gfield_required_text\">(obrigat\u00f3rio)<\/span><\/span><\/legend><div class='ginput_container ginput_container_radio'><div class='gfield_radio' id='input_4_8'>\n\t\t\t<div class='gchoice gchoice_4_8_0'>\n\t\t\t\t\t<input class='gfield-choice-input' name='input_8' type='radio' value='Sim'  id='choice_4_8_0' onchange='gformToggleRadioOther( this )'    \/>\n\t\t\t\t\t<label for='choice_4_8_0' id='label_4_8_0' class='gform-field-label gform-field-label--type-inline'>Sim<\/label>\n\t\t\t<\/div>\n\t\t\t<div class='gchoice gchoice_4_8_1'>\n\t\t\t\t\t<input class='gfield-choice-input' name='input_8' type='radio' value='N\u00e3o'  id='choice_4_8_1' onchange='gformToggleRadioOther( this )'    \/>\n\t\t\t\t\t<label for='choice_4_8_1' id='label_4_8_1' class='gform-field-label gform-field-label--type-inline'>N\u00e3o<\/label>\n\t\t\t<\/div><\/div><\/div><\/fieldset><div id=\"field_4_9\" class=\"gfield gfield--type-chainedselect gfield--input-type-chainedselect gfield--width-full gfield_contains_required field_sublabel_below gfield--no-description field_description_below field_validation_below gfield_visibility_visible\"  ><label class='gfield_label gform-field-label gfield_label_before_complex' for='input_4_9_1'>Informe o Consultor<span class=\"gfield_required\"><span class=\"gfield_required gfield_required_text\">(obrigat\u00f3rio)<\/span><\/span><\/label><div class='ginput_container ginput_complex gform-grid-row horizontal large gfield_chainedselect ginput_chained_selects_container' id='input_4_9'><span id='input_4_9_1_container' class='gform-grid-col--size-auto gform-grid-col'><select name=\"input_9.1\" id=\"input_4_9_1\" class=\"gform-grid-col--size-auto\"    aria-required='false'  ><option value='' selected='selected' class='gf_placeholder'>Selecione o Consultor<\/option><option value='Juan Buitrago' >Juan Buitrago<\/option><option value='Leandro Souza' >Leandro Souza<\/option><option value='Gabriel Moura' >Gabriel Moura<\/option><\/select><label for=\"input_4_9_1\" id=\"input_4_9_1_label\" class=\"gform-field-label gform-field-label--type-sub \">Selecione o Consultor<\/label><\/span><span class=\"gf_chain_complete\" style=\"display:none;\">&nbsp;<\/span><\/div><\/div><\/div><\/div>\n        <div class='gform-footer gform_footer top_label'> <input type='submit' id='gform_submit_button_4' class='gform_button button gform-button--width-full' onclick='gform.submission.handleButtonClick(this);' data-submission-type='submit' value='Realizar Vestibular'  \/> \n            <input type='hidden' class='gform_hidden' name='gform_submission_method' data-js='gform_submission_method_4' value='postback' \/>\n            <input type='hidden' class='gform_hidden' name='gform_theme' data-js='gform_theme_4' id='gform_theme_4' value='gravity-theme' \/>\n            <input type='hidden' class='gform_hidden' name='gform_style_settings' data-js='gform_style_settings_4' id='gform_style_settings_4' value='[]' \/>\n            <input type='hidden' class='gform_hidden' name='is_submit_4' value='1' \/>\n            <input type='hidden' class='gform_hidden' name='gform_submit' value='4' \/>\n            \n            <input type='hidden' class='gform_hidden' name='gform_currency' data-currency='BRL' value='HzVv7zYiAFMom\/36lCspr1j5R4OYL6DNsb3DG8U2DAogVzoeDyBaS0tTKhHMWCIYRepLDk7eCw4YUJFF\/t5bdjp2fU7OsYAvakUeF2YroNYFsnw=' \/>\n            <input type='hidden' class='gform_hidden' name='gform_unique_id' value='' \/>\n            <input type='hidden' class='gform_hidden' name='state_4' value='WyJ7XCI2XCI6W1wiYzY3OTI2ZTZiOGIzOWRiNWVjZDMwNmYxNjNhNWYyMDdcIixcIjI1OWZiNTc3Y2VhMTc2Njk0ZjYwZDdiYjUyYTU5ODA1XCIsXCIwODkyZGIwN2IxMDU1YzM4YWY5M2NhZmE2Mzc1YTU4N1wiLFwiMTVkZTkxYjRkYjk3ZmFkY2I3YWVmNDc5MjZhZjZkYWNcIixcImRjMGE2ODk4MWQzZGI5NDIzNzEwZWFkY2FlNjI4ZWYyXCIsXCI3YzFkOWM2YWJkN2JiOWUzMjdhNGI5NDkyN2VmODZhMVwiLFwiYmM5NzUzNjVmMTg3YWE2YWIxMDVhNzVhN2UzNTUyMGFcIixcImM3YzliOTIxYTAxOTU3MTlhYTA5MTAwZWZiYTlmNWVmXCIsXCIwODZhYTcyZjA4ZGQxZDk3OWQwYjIzN2Y4ZGMxMTNiNVwiLFwiNDc5M2FhNDI1ZDgxNDdkYjRiZTljZTFiYjAyNmNjNmRcIixcIjA1ODE0MDZjMmQ1NWIzZDdkMmM3NzNiOTE1YjI0NGZjXCIsXCI5MWRjNjEwZWQ1M2ZlYjg0YTFmNTI5MjZkZmJhZjhiMFwiLFwiYTM5M2RmNmYzZTdjNmFmMDI1ZmVjYWRmNTZlZDM4MGRcIixcIjE4NGM1ZmUzYzIxNDc3ZmFhNzY2OTBlOTkxOGQ4Y2UzXCIsXCI4ZTk1NjExZGUyMjY4ZTA3ZDFkYjE2ODcyYjdhNDRiOFwiXSxcIjdcIjpbXCIwODIzYWIyNTE1Y2U2Mzg3MDcwMjBlYzNhNjI0ZGEwMlwiLFwiYWJkODQ3MjM0ZTlkYTIxNGYyMTQwZjY1YmQxYmViNmNcIixcIjFiZjlmMDUxYTk3YTJkMTU0NWRkMDZhZTY0OTUzMDViXCIsXCIyMmY5ZmQ1NzBkNTFjYjMzNGVjYTVmZDExODg5ODU4OVwiXSxcIjhcIjpbXCJmYjNhN2Q2MDlmM2UzMjVkZTdlMjNhMTliOGI3NmMwNFwiLFwiYzc2MmQwN2VlMmI2ODNlYTAyMmMyNjllZmZkNmIyODVcIl19IiwiMzBjYzNmMmJhNWMxMTEzZWEyNmFjOTNhZGU1Zjk2YmIiXQ==' \/>\n            <input type='hidden' autocomplete='off' class='gform_hidden' name='gform_target_page_number_4' id='gform_target_page_number_4' value='0' \/>\n            <input type='hidden' autocomplete='off' class='gform_hidden' name='gform_source_page_number_4' id='gform_source_page_number_4' value='1' \/>\n            <input type='hidden' name='gform_field_values' value='' \/>\n            \n        <\/div>\n                        <p style=\"display: none !important;\" class=\"akismet-fields-container\" data-prefix=\"ak_\"><label>&#916;<textarea name=\"ak_hp_textarea\" cols=\"45\" rows=\"8\" maxlength=\"100\"><\/textarea><\/label><input type=\"hidden\" id=\"ak_js_1\" name=\"ak_js\" value=\"70\"\/><script>document.getElementById( \"ak_js_1\" ).setAttribute( \"value\", ( new Date() ).getTime() );<\/script><\/p><\/form>\n                        <\/div><script type=\"text\/javascript\">\n\/* <![CDATA[ *\/\n gform.initializeOnLoaded( function() {gformInitSpinner( 4, 'https:\/\/faculdadesantateresa.edu.br\/goiania\/wp-content\/plugins\/gravityforms\/images\/spinner.svg', true );jQuery('#gform_ajax_frame_4').on('load',function(){var contents = jQuery(this).contents().find('*').html();var is_postback = contents.indexOf('GF_AJAX_POSTBACK') >= 0;if(!is_postback){return;}var form_content = jQuery(this).contents().find('#gform_wrapper_4');var is_confirmation = jQuery(this).contents().find('#gform_confirmation_wrapper_4').length > 0;var is_redirect = contents.indexOf('gformRedirect(){') >= 0;var is_form = form_content.length > 0 && ! is_redirect && ! is_confirmation;var mt = parseInt(jQuery('html').css('margin-top'), 10) + parseInt(jQuery('body').css('margin-top'), 10) + 100;if(is_form){form_content.find('form').css('opacity', 0);jQuery('#gform_wrapper_4').html(form_content.html());if(form_content.hasClass('gform_validation_error')){jQuery('#gform_wrapper_4').addClass('gform_validation_error');} else {jQuery('#gform_wrapper_4').removeClass('gform_validation_error');}setTimeout( function() { \/* delay the scroll by 50 milliseconds to fix a bug in chrome *\/  }, 50 );if(window['gformInitDatepicker']) {gformInitDatepicker();}if(window['gformInitPriceFields']) {gformInitPriceFields();}var current_page = jQuery('#gform_source_page_number_4').val();gformInitSpinner( 4, 'https:\/\/faculdadesantateresa.edu.br\/goiania\/wp-content\/plugins\/gravityforms\/images\/spinner.svg', true );jQuery(document).trigger('gform_page_loaded', [4, current_page]);window['gf_submitting_4'] = false;}else if(!is_redirect){var confirmation_content = jQuery(this).contents().find('.GF_AJAX_POSTBACK').html();if(!confirmation_content){confirmation_content = contents;}jQuery('#gform_wrapper_4').replaceWith(confirmation_content);jQuery(document).trigger('gform_confirmation_loaded', [4]);window['gf_submitting_4'] = false;wp.a11y.speak(jQuery('#gform_confirmation_message_4').text());}else{jQuery('#gform_4').append(contents);if(window['gformRedirect']) {gformRedirect();}}jQuery(document).trigger(\"gform_pre_post_render\", [{ formId: \"4\", currentPage: \"current_page\", abort: function() { this.preventDefault(); } }]);        if (event && event.defaultPrevented) {                return;        }        const gformWrapperDiv = document.getElementById( \"gform_wrapper_4\" );        if ( gformWrapperDiv ) {            const visibilitySpan = document.createElement( \"span\" );            visibilitySpan.id = \"gform_visibility_test_4\";            gformWrapperDiv.insertAdjacentElement( \"afterend\", visibilitySpan );        }        const visibilityTestDiv = document.getElementById( \"gform_visibility_test_4\" );        let postRenderFired = false;        function triggerPostRender() {            if ( postRenderFired ) {                return;            }            postRenderFired = true;            gform.core.triggerPostRenderEvents( 4, current_page );            if ( visibilityTestDiv ) {                visibilityTestDiv.parentNode.removeChild( visibilityTestDiv );            }        }        function debounce( func, wait, immediate ) {            var timeout;            return function() {                var context = this, args = arguments;                var later = function() {                    timeout = null;                    if ( !immediate ) func.apply( context, args );                };                var callNow = immediate && !timeout;                clearTimeout( timeout );                timeout = setTimeout( later, wait );                if ( callNow ) func.apply( context, args );            };        }        const debouncedTriggerPostRender = debounce( function() {            triggerPostRender();        }, 200 );        if ( visibilityTestDiv && visibilityTestDiv.offsetParent === null ) {            const observer = new MutationObserver( ( mutations ) => {                mutations.forEach( ( mutation ) => {                    if ( mutation.type === 'attributes' && visibilityTestDiv.offsetParent !== null ) {                        debouncedTriggerPostRender();                        observer.disconnect();                    }                });            });            observer.observe( document.body, {                attributes: true,                childList: false,                subtree: true,                attributeFilter: [ 'style', 'class' ],            });        } else {            triggerPostRender();        }    } );} ); \n\/* ]]> *\/\n<\/script>\n<\/div>\n\t\t\t\t\t\t<\/div>\n\t\t\t\t<\/div>\n\t\t\t\t\t<\/div>\n\t\t<\/div>\n\t\t\t\t\t<\/div>\n\t\t<\/section>\n\t\t\t\t<\/div>\n\t\t","protected":false},"excerpt":{"rendered":"","protected":false},"author":6,"featured_media":0,"parent":0,"menu_order":0,"comment_status":"closed","ping_status":"closed","template":"","meta":{"_acf_changed":false,"footnotes":""},"class_list":["post-1170","page","type-page","status-publish","hentry"],"acf":[],"_links":{"self":[{"href":"https:\/\/faculdadesantateresa.edu.br\/goiania\/wp-json\/wp\/v2\/pages\/1170","targetHints":{"allow":["GET"]}}],"collection":[{"href":"https:\/\/faculdadesantateresa.edu.br\/goiania\/wp-json\/wp\/v2\/pages"}],"about":[{"href":"https:\/\/faculdadesantateresa.edu.br\/goiania\/wp-json\/wp\/v2\/types\/page"}],"author":[{"embeddable":true,"href":"https:\/\/faculdadesantateresa.edu.br\/goiania\/wp-json\/wp\/v2\/users\/6"}],"replies":[{"embeddable":true,"href":"https:\/\/faculdadesantateresa.edu.br\/goiania\/wp-json\/wp\/v2\/comments?post=1170"}],"version-history":[{"count":3,"href":"https:\/\/faculdadesantateresa.edu.br\/goiania\/wp-json\/wp\/v2\/pages\/1170\/revisions"}],"predecessor-version":[{"id":1173,"href":"https:\/\/faculdadesantateresa.edu.br\/goiania\/wp-json\/wp\/v2\/pages\/1170\/revisions\/1173"}],"wp:attachment":[{"href":"https:\/\/faculdadesantateresa.edu.br\/goiania\/wp-json\/wp\/v2\/media?parent=1170"}],"curies":[{"name":"wp","href":"https:\/\/api.w.org\/{rel}","templated":true}]}}