{"id":3,"date":"2023-04-19T16:41:46","date_gmt":"2023-04-19T19:41:46","guid":{"rendered":"https:\/\/a75d40d4bc.nxcli.io\/goiania\/?page_id=3"},"modified":"2025-07-07T17:18:44","modified_gmt":"2025-07-07T21:18:44","slug":"politica-de-privacidade","status":"publish","type":"page","link":"https:\/\/faculdadesantateresa.edu.br\/goiania\/politica-de-privacidade\/","title":{"rendered":"Pol\u00edtica de privacidade"},"content":{"rendered":"\t\t<div data-elementor-type=\"wp-page\" data-elementor-id=\"3\" class=\"elementor elementor-3\">\n\t\t\t\t\t\t<section class=\"elementor-section elementor-top-section elementor-element elementor-element-7d3cc27 elementor-section-stretched elementor-section-boxed elementor-section-height-default elementor-section-height-default\" data-id=\"7d3cc27\" data-element_type=\"section\" data-e-type=\"section\" data-settings=\"{&quot;stretch_section&quot;:&quot;section-stretched&quot;,&quot;jet_parallax_layout_list&quot;:[],&quot;background_background&quot;:&quot;slideshow&quot;,&quot;background_slideshow_gallery&quot;:[{&quot;id&quot;:1020,&quot;url&quot;:&quot;https:\\\/\\\/faculdadesantateresa.edu.br\\\/goiania\\\/wp-content\\\/uploads\\\/2025\\\/06\\\/FST-Entrada-da-Sede.webp&quot;}],&quot;background_slideshow_loop&quot;:&quot;yes&quot;,&quot;background_slideshow_slide_duration&quot;:5000,&quot;background_slideshow_slide_transition&quot;:&quot;fade&quot;,&quot;background_slideshow_transition_duration&quot;:500}\">\n\t\t\t\t\t\t\t<div class=\"elementor-background-overlay\"><\/div>\n\t\t\t\t\t\t\t<div class=\"elementor-container elementor-column-gap-default\">\n\t\t\t\t\t<div class=\"elementor-column elementor-col-100 elementor-top-column elementor-element elementor-element-8421adf\" data-id=\"8421adf\" data-element_type=\"column\" data-e-type=\"column\">\n\t\t\t<div class=\"elementor-widget-wrap elementor-element-populated\">\n\t\t\t\t\t\t<section class=\"elementor-section elementor-inner-section elementor-element elementor-element-c38bd42 elementor-section-boxed elementor-section-height-default elementor-section-height-default\" data-id=\"c38bd42\" data-element_type=\"section\" data-e-type=\"section\" data-settings=\"{&quot;jet_parallax_layout_list&quot;:[]}\">\n\t\t\t\t\t\t<div class=\"elementor-container elementor-column-gap-default\">\n\t\t\t\t\t<div class=\"elementor-column elementor-col-100 elementor-inner-column elementor-element elementor-element-3a79917\" data-id=\"3a79917\" data-element_type=\"column\" data-e-type=\"column\">\n\t\t\t<div class=\"elementor-widget-wrap elementor-element-populated\">\n\t\t\t\t\t\t<div class=\"elementor-element elementor-element-60fdca8 elementor-widget elementor-widget-raven-post-title\" data-id=\"60fdca8\" data-element_type=\"widget\" data-e-type=\"widget\" data-widget_type=\"raven-post-title.default\">\n\t\t\t\t<div class=\"elementor-widget-container\">\n\t\t\t\t\t<h1 class=\"raven-post-title\">Pol\u00edtica de privacidade<\/h1>\t\t\t\t<\/div>\n\t\t\t\t<\/div>\n\t\t\t\t\t<\/div>\n\t\t<\/div>\n\t\t\t\t\t<\/div>\n\t\t<\/section>\n\t\t\t\t\t<\/div>\n\t\t<\/div>\n\t\t\t\t\t<\/div>\n\t\t<\/section>\n\t\t\t\t<section class=\"elementor-section elementor-top-section elementor-element elementor-element-c22a607 elementor-section-boxed elementor-section-height-default elementor-section-height-default\" data-id=\"c22a607\" data-element_type=\"section\" data-e-type=\"section\" data-settings=\"{&quot;jet_parallax_layout_list&quot;:[]}\">\n\t\t\t\t\t\t<div class=\"elementor-container elementor-column-gap-default\">\n\t\t\t\t\t<div class=\"elementor-column elementor-col-100 elementor-top-column elementor-element elementor-element-0fc559e\" data-id=\"0fc559e\" data-element_type=\"column\" data-e-type=\"column\">\n\t\t\t<div class=\"elementor-widget-wrap elementor-element-populated\">\n\t\t\t\t\t\t<div class=\"elementor-element elementor-element-1085922 elementor-widget elementor-widget-text-editor\" data-id=\"1085922\" data-element_type=\"widget\" data-e-type=\"widget\" data-widget_type=\"text-editor.default\">\n\t\t\t\t<div class=\"elementor-widget-container\">\n\t\t\t\t\t\t\t\t\t<p>A FACULDADE SANTA TERESA preza pela privacidade de quem nos fornece Dados Pessoais. Esta Pol\u00edtica de Privacidade (&#8220;Pol\u00edtica&#8221;) descreve como e por que coletamos, armazenamos e tratamos Dados Pessoais e fornece informa\u00e7\u00f5es sobre os direitos dos titulares.<\/p><p>Esta Pol\u00edtica se aplica a Dados Pessoais fornecidos a n\u00f3s por um indiv\u00edduo ou por terceiros. Podemos usar os Dados Pessoais fornecidos a n\u00f3s para qualquer uma das finalidades estabelecidas nesta Pol\u00edtica, ou conforme divulgado no t\u00f3pico sobre a coleta.<\/p><p>Nesta Pol\u00edtica, n\u00f3s usamos os termos:<\/p><p>&#8220;N\u00f3s&#8221;, &#8220;nosso&#8221; e \u201cnossa\u201d (e outros termos semelhantes) para se referir a qualquer entidade que seja membro das organiza\u00e7\u00f5es do grupo FAMETRO, o que inclui seus s\u00f3cios, associados, estagi\u00e1rios, funcion\u00e1rios administrativos e outros membros diretamente relacionados com a FAMETRO. Neste caso, a FACULDADE SANTA TERESA atua como controlador de Dados Pessoais e \u00e9 respons\u00e1vel por tomar as decis\u00f5es relacionadas ao tratamento de dados dos titulares. Por esse motivo, temos a obriga\u00e7\u00e3o legal de manter um registro das opera\u00e7\u00f5es de tratamento que realizamos, indicando a finalidade, o per\u00edodo, as garantias de seguran\u00e7a, a privacidade e os registros de consentimento (conforme aplic\u00e1vel);<\/p><p>\u201cDados Pessoais\u201d para se referir a qualquer informa\u00e7\u00e3o relativa a uma pessoa f\u00edsica identificada ou identific\u00e1vel, que pode ser identificada, direta ou indiretamente; e,<\/p><p>\u201cVoc\u00ea\u201d, \u201cseu\u201d e \u201csua\u201d (e outros termos semelhantes) para se referir a nossos clientes, indiv\u00edduos relacionados a nossos clientes, contatos, fornecedores, candidatos a vagas de emprego, funcion\u00e1rios e visitantes do site da FACULDADE SANTA TERESA, <a href=\"https:\/\/faculdadesantateresa.edu.br\">faculdadesantateresa.edu.br<\/a>. Neste caso, voc\u00ea \u00e9 o titular dos dados e, por esse motivo, possui alguns direitos que descreveremos a seguir.<\/p><ol><li><b><\/b><strong><b>BASE LEGAL PARA O TRATAMENTO<\/b><\/strong><\/li><\/ol><p>N\u00f3s, da FACULDADE SANTA TERESA, como controladores, apenas trataremos Dados Pessoais quando tivermos uma fundamenta\u00e7\u00e3o legal para faz\u00ea-lo. A base legal para nosso tratamento de Dados Pessoais ser\u00e1 uma das seguintes:<\/p><ol><li>(i) o titular nos deu seu consentimento para o tratamento dos seus Dados Pessoais para um ou mais fins espec\u00edficos;<\/li><li>(ii) o tratamento \u00e9 necess\u00e1rio para o cumprimento de um contrato que firmamos ou firmaremos com voc\u00ea;<\/li><li>(iii) o tratamento \u00e9 necess\u00e1rio para alcan\u00e7ar nossos leg\u00edtimos interesses; ou,<\/li><li>(iv) o tratamento \u00e9 necess\u00e1rio para cumprir com uma obriga\u00e7\u00e3o legal.<\/li><\/ol><p>Seus direitos em rela\u00e7\u00e3o aos Dados Pessoais<\/p><p>Em determinadas circunst\u00e2ncias, voc\u00ea, como titular dos Dados Pessoais, poder\u00e1 exercer os seguintes direitos:<\/p><ol><li>(i) confirmar se estamos tratando quaisquer Dados Pessoais relacionados com voc\u00ea;<\/li><li>(ii) solicitar que divulguemos ou lhe forne\u00e7amos acesso, de forma clara, adequada e ostensiva, \u00e0s informa\u00e7\u00f5es relativas ao tratamento de seus Dados Pessoais, bem como dados espec\u00edficos que coletamos sobre voc\u00ea;<\/li><li>(iii) saber as categorias de fontes das quais coletamos seus Dados Pessoais, a finalidade de seu tratamento, o per\u00edodo durante o qual ser\u00e3o armazenados e as categorias de terceiros com os quais compartilhamos seus Dados Pessoais;<\/li><li>(iv) ter corrigida qualquer informa\u00e7\u00e3o incorreta, incompleta ou desatualizada que tenhamos sobre seus Dados Pessoais;<\/li><li>(v) solicitar, a qualquer momento, a elimina\u00e7\u00e3o de seus Dados Pessoais, exceto se esse pedido for contra as obriga\u00e7\u00f5es de reten\u00e7\u00e3o detalhadas abaixo;<\/li><li>(vi) solicitar, a qualquer momento, a anonimiza\u00e7\u00e3o ou o bloqueio de seus Dados Pessoais que n\u00e3o sejam necess\u00e1rios ou tratados em conformidade com a lei;<\/li><li>(vii) ser informado, caso haja, sobre as entidades p\u00fablicas e privadas com as quais compartilhamos seus Dados Pessoais; e,<\/li><li>(viii) revogar seu consentimento, a qualquer momento, quanto ao tratamento de seus Dados Pessoais.<\/li><\/ol><p>Al\u00e9m disso, caso voc\u00ea n\u00e3o queira mais receber nenhum material de marketing nosso, use a op\u00e7\u00e3o de cancelar a assinatura (que est\u00e1 dispon\u00edvel em todos os nossos e-mails de marketing para voc\u00ea).<\/p><p>Para exercer os direitos que a Lei Geral de Prote\u00e7\u00e3o de Dados prev\u00ea a voc\u00ea e esclarecer quaisquer d\u00favidas sobre como coletamos, armazenamos e usamos seus Dados Pessoais, entre em contato conosco em\u00a0<a href=\"mailto:ouvidoria.resposta@faculdadesantateresa.edu.br\">ouvidoria.resposta@faculdadesantateresa.edu.br<\/a>. Teremos o maior prazer em esclarecer quaisquer perguntas.<\/p><ol start=\"2\"><li><b><\/b><strong><b>DADOS PESSOAIS COLETADOS<\/b><\/strong><\/li><\/ol><p>Nosso objetivo \u00e9 sermos transparente sobre por que e como tratamos Dados Pessoais. Por isso, se em algum momento precisarmos tratar seus Dados Pessoais para qualquer outra finalidade que n\u00e3o esteja descrita aqui, solicitaremos seu consentimento antes de prosseguir, a menos que o tratamento seja necess\u00e1rio para cumprir com uma obriga\u00e7\u00e3o legal ou para atender aos nossos leg\u00edtimos interesses. De qualquer forma, abaixo voc\u00ea encontra mais informa\u00e7\u00f5es sobre nossas atividades de tratamento:<\/p><ul><li>DADOS COLETADOS<\/li><li><b><\/b><strong><b>Alunos matriculados<\/b><\/strong><\/li><\/ul><p>Nome, endere\u00e7o de e-mail, n\u00famero de telefone, e outras informa\u00e7\u00f5es que voc\u00ea nos fornece que estejam relacionadas ao curso em que voc\u00ea est\u00e1 matriculado.<\/p><p><em><i>Finalidades<\/i><\/em><\/p><ol><li>Conceder acesso a nossos servi\u00e7os educacionais, que posteriormente ser\u00e3o devidamente contratados por meio da celebra\u00e7\u00e3o de contrato de presta\u00e7\u00e3o de servi\u00e7os educacionais.<\/li><li>Presta\u00e7\u00e3o de servi\u00e7os educacionais: usaremos e divulgaremos Dados Pessoais da maneira que entendermos como necess\u00e1ria para prestar nossos servi\u00e7os. Por exemplo, podemos precisar instruir um preceptor, em outra institui\u00e7\u00e3o, n\u00e3o necessariamente de ensino, uma institui\u00e7\u00e3o concedente de est\u00e1gio, como um hospital ou cl\u00ednica, em seu nome (incluindo a forma de lhe contatar), para entrar em contato com outros alunos ou professores em rela\u00e7\u00e3o a assuntos que estamos tratando ou para dirimir diverg\u00eancias entre alunos ou colaboradores.<\/li><li>Administra\u00e7\u00e3o: para cobrar mensalidades ou custos em rela\u00e7\u00e3o aos nossos servi\u00e7os. Para o ato de cobran\u00e7a de valores em atraso, os seus dados podem ser fornecidos a uma empresa terceirizada de cobran\u00e7a que entrar\u00e1 em contato utilizando os dados informados pela FACULDADE SANTA TERESA para informar da exist\u00eancia do d\u00e9bito e apresentar propostas de negocia\u00e7\u00e3o, se esse for o caso.<\/li><li>Gerenciar relacionamentos com clientes: fornecer aos alunos, respons\u00e1veis financeiros e\/ou legais as informa\u00e7\u00f5es sobre nossos servi\u00e7os e atualiza\u00e7\u00f5es legais que consideramos relevantes; organizar e realizar eventos; e identificar pontos nos quais podemos fazer melhorias na presta\u00e7\u00e3o de servi\u00e7os.<\/li><\/ol><ul><li><b><\/b><strong><b>Visitantes do Site<\/b><\/strong><\/li><\/ul><p>Hist\u00f3rico de navega\u00e7\u00e3o (p\u00e1ginas acessadas, data, hora, local e endere\u00e7o de IP), sempre que acessar o site.<\/p><p>Nome, endere\u00e7o de e-mail, cargo, n\u00famero de telefone, \u00e1rea de neg\u00f3cios, n\u00edvel hier\u00e1rquico, jurisdi\u00e7\u00e3o, idioma, antiguidade no cargo e outras informa\u00e7\u00f5es de contato comercial.<\/p><p><em><i>Finalidades<\/i><\/em><\/p><ol><li>Conceder acesso a nossos servi\u00e7os com base nas informa\u00e7\u00f5es que voc\u00ea forneceu.<\/li><li>Garantir a seguran\u00e7a de suas informa\u00e7\u00f5es; evitar fraudes, acessos n\u00e3o autorizados e outros usos inadequados ou il\u00edcitos de suas informa\u00e7\u00f5es.<\/li><li>Desenvolver e melhorar nossos m\u00e9todos de comunica\u00e7\u00e3o, servi\u00e7os e outras funcionalidades do site.<\/li><li>Tamb\u00e9m usamos cookies em nosso site para oferecer a voc\u00ea uma experi\u00eancia mais personalizada no futuro, entendendo e lembrando suas prefer\u00eancias de navega\u00e7\u00e3o espec\u00edficas. Essas informa\u00e7\u00f5es n\u00e3o ser\u00e3o compartilhadas com terceiros sem seu consentimento e ser\u00e3o eliminadas ou anonimizadas, em caso de n\u00e3o utiliza\u00e7\u00e3o, para o cumprimento de obriga\u00e7\u00f5es legais.<\/li><li>Conceder acesso a nossos servi\u00e7os com base nas informa\u00e7\u00f5es que voc\u00ea forneceu.<\/li><li>Entrar em contato, caso voc\u00ea solicite informa\u00e7\u00f5es sobre nossos servi\u00e7os.<\/li><\/ol><ol><li>Fornecer a voc\u00ea informa\u00e7\u00f5es relacionadas a nosso site e lhe manter informado sobre nossos servi\u00e7os, altera\u00e7\u00f5es nesta Pol\u00edtica ou em sua conta.<\/li><li>Para fins de contato e comunica\u00e7\u00e3o: enviaremos atualiza\u00e7\u00f5es sobre as pol\u00edticas promocionais de ades\u00e3o nos cursos do Grupo FAMETRO de tempos em tempos, not\u00edcias sobre eventos que estamos organizando ou participando e\/ou outras informa\u00e7\u00f5es sobre n\u00f3s e nossos servi\u00e7os que acreditamos ser de seu interesse.<\/li><li>Tamb\u00e9m podemos usar seus Dados Pessoais para realizar an\u00e1lises, como tend\u00eancias de vendas, efic\u00e1cia de marketing (como taxas de cliques e aberturas) e progresso. Essas informa\u00e7\u00f5es n\u00e3o ser\u00e3o compartilhadas com terceiros sem seu consentimento e ser\u00e3o eliminadas ou anonimizadas, em caso de n\u00e3o utiliza\u00e7\u00e3o, para o cumprimento de obriga\u00e7\u00f5es legais.<\/li><\/ol><ul><li><b><\/b><strong><b>Candidatos a Vagas de Emprego<\/b><\/strong><\/li><\/ul><p>Nome, nacionalidade, estado civil, profiss\u00e3o, endere\u00e7o completo, n\u00famero de CPF, n.\u00ba de RG, n.\u00ba de PIS\/PASEP, endere\u00e7o completo, endere\u00e7o de e-mail, n\u00famero de telefone e outras informa\u00e7\u00f5es de contato comercial, bem como seu curr\u00edculo, podem ser coletadas ao se candidatar virtualmente.<\/p><p><em><i>Finalidades<\/i><\/em><\/p><ol><li>Com as informa\u00e7\u00f5es apresentadas pelo candidato, ser\u00e1 feito um pr\u00e9-cadastro, caso o candidato seja aprovado no Processo Seletivo, ele ser\u00e1 comunicado para complementar os dados prestados \u00e0 FACULDADE SANTA TERESA.<\/li><li>Conceder acesso a nossos servi\u00e7os com base nas informa\u00e7\u00f5es que voc\u00ea forneceu.<\/li><li>Entrar em contato, caso necessite de qualquer ajuda enquanto navega pela nossa p\u00e1gina na internet ou utiliza nossos servi\u00e7os.<\/li><li>Entrar em contato com voc\u00ea sobre oportunidades de emprego que lhe possam interessar e enviar propostas de trabalho.<\/li><li>Convidar voc\u00ea para participar de entrevistas.<\/li><li>Armazenar seu curr\u00edculo em nosso banco de dados para futuras oportunidades, caso seja de seu interesse receber alertas futuros.<\/li><\/ol><ul><li><b><\/b><strong><b>Antigos Colaboradores<\/b><\/strong><\/li><\/ul><p>Nome, endere\u00e7o de e-mail, n\u00famero de telefone, \u00e1rea de atua\u00e7\u00e3o, todas as informa\u00e7\u00f5es apresentadas \u00e0 FACULDADE SANTA TERESA no ato de admiss\u00e3o e quaisquer informa\u00e7\u00f5es que voc\u00ea venha a nos fornecer no momento do desligamento.<\/p><p><em><i>Finalidades<\/i><\/em><\/p><p>Apresenta\u00e7\u00e3o de informa\u00e7\u00f5es aos \u00f3rg\u00e3os p\u00fablicos quando solicitado.<\/p><ol start=\"3\"><li><b><\/b><strong><b>POR QUANTO TEMPO PODEMOS MANTER SEUS DADOS PESSOAIS?<\/b><\/strong><\/li><\/ol><p>Os Dados Pessoais s\u00e3o armazenados pelo tempo que for necess\u00e1rio para as finalidades descritas acima (sendo essa a dura\u00e7\u00e3o de nosso relacionamento).<\/p><p>Podemos eliminar suas informa\u00e7\u00f5es de contato de nosso banco de dados, bem como seus Dados Pessoais, dependendo de seu requerimento. No entanto, se voc\u00ea optar por n\u00e3o receber materiais de marketing, seus Dados Pessoais ainda ser\u00e3o armazenados (pois nossos advogados ainda podem lhe contatar), mas os materiais de <em><i>marketing<\/i><\/em>\u00a0n\u00e3o ser\u00e3o mais enviados.<\/p><p>Temos a obriga\u00e7\u00e3o legal de armazenar os registros de acesso (ou seja, as datas e hor\u00e1rios em que um aplicativo foi usado, a partir de um determinado endere\u00e7o de IP) de nosso site por um per\u00edodo de 6 meses, sujeito \u00e0 prorroga\u00e7\u00e3o, mediante solicita\u00e7\u00e3o das autoridades competentes.<\/p><p>Al\u00e9m disso, tamb\u00e9m somos obrigados a armazenar evid\u00eancias de seu consentimento para o tratamento de Dados Pessoais durante a vig\u00eancia de nossa rela\u00e7\u00e3o comercial.<\/p><ol start=\"4\"><li><b><\/b><strong><b>QUEM MAIS PODE TER ACESSO A SEUS DADOS PESSOAIS?<\/b><\/strong><\/li><\/ol><p>Voc\u00ea reconhece e consente que talvez precisemos compartilhar seus Dados Pessoais com terceiros. Somente compartilharemos Dados Pessoais se formos e estivermos legalmente autorizados a faz\u00ea-lo.<\/p><p>Ao nos fornecer Dados Pessoais, como cliente, voc\u00ea reconhece e consente que podemos compartilhar seus Dados Pessoais da maneira que acreditarmos ser necess\u00e1ria para prestar nossos servi\u00e7os, conforme descrito nesta Pol\u00edtica ou exigido pela legisla\u00e7\u00e3o aplic\u00e1vel. Isso pode ocorrer porque, por exemplo, podemos compartilhar seus Dados Pessoais a terceiros:<\/p><p>como parceiros de neg\u00f3cios, prestadores de servi\u00e7os e outros terceiros filiados: a fim de prestar nossos servi\u00e7os a voc\u00ea, podemos precisar compartilhar seus Dados Pessoais com nossos parceiros de neg\u00f3cios (incluindo outros profissionais, como contadores ou auditores), prestadores de servi\u00e7os externos e\/ou advogados no exterior. Nossos acordos com prestadores de servi\u00e7os externos cobrem atualmente o fornecimento de servi\u00e7os de suporte, incluindo TI, gerenciamento de eventos, produ\u00e7\u00e3o de documentos, pesquisa comercial e jur\u00eddica, servi\u00e7os de secretariado, marketing e desenvolvimento de neg\u00f3cios e gerenciamento de instala\u00e7\u00f5es; ou,<\/p><p>por obriga\u00e7\u00f5es legais ou regulamentares: em determinadas circunst\u00e2ncias, podemos ser obrigados a compartilhar Dados Pessoais de acordo com a lei ou o regulamento aplic\u00e1vel, incluindo ag\u00eancias reguladoras e procedimentos legais.<\/p><p>Transfer\u00eancias internacionais de Dados Pessoais (incluindo para provedores de servi\u00e7os terceirizados)<\/p><p>Talvez necessitemos transferir seus Dados Pessoais para outras institui\u00e7\u00f5es de ensino filiadas ou coligadas, todas do Grupo FAMETRO, a fim de prestar a voc\u00ea os servi\u00e7os necess\u00e1rios. N\u00e3o transferiremos seus Dados Pessoais a terceiros localizados em territ\u00f3rio nacional ou no exterior sem seu pr\u00e9vio e expresso consentimento.<\/p><ol start=\"5\"><li><b><\/b><strong><b>COOKIES<\/b><\/strong><\/li><\/ol><p>Um cookie \u00e9 um pequeno arquivo de texto colocado em seu computador ou em seu dispositivo m\u00f3vel quando voc\u00ea visita um <em><i>site<\/i><\/em>, que nos permite:<\/p><ol><li>(i) reconhecer seu computador;<\/li><li>(ii) armazenar suas prefer\u00eancias e configura\u00e7\u00f5es;<\/li><li>(iii) compreender as p\u00e1ginas da internet que voc\u00ea visitou;<\/li><li>(iv) aprimorar a experi\u00eancia do usu\u00e1rio, entregando e medindo a efic\u00e1cia do conte\u00fado; e<\/li><li>(v) auxiliar nas fun\u00e7\u00f5es de seguran\u00e7a e administrativas.<\/li><\/ol><p>Alguns cookies s\u00e3o colocados no cach\u00ea do navegador, enquanto aqueles associados \u00e0s tecnologias Flash s\u00e3o armazenados com os arquivos do Adobe Flash Player. Ao consentir com esta Pol\u00edtica, voc\u00ea concorda que podemos usar <em><i>cookies<\/i><\/em>\u00a0para melhorar sua experi\u00eancia de navega\u00e7\u00e3o em nosso site.<\/p><ol start=\"6\"><li><b><\/b><strong><b>LINKS PARA OUTROS SITES<\/b><\/strong><\/li><\/ol><p>O site da FACULDADE SANTA TERESA, <a href=\"https:\/\/faculdadesantateresa.edu.br\"><u>faculdadesantateresa.edu.br<\/u><\/a>, pode conter <em><i>links<\/i><\/em> para outros sites de terceiros n\u00e3o filiados. Observe que a FACULDADE SANTA TERESA n\u00e3o \u00e9 e n\u00e3o pode controlar ou ser o respons\u00e1vel pelo conte\u00fado ou pelas pr\u00e1ticas de privacidade e confidencialidade de quaisquer sites de terceiros. Voc\u00ea deve sempre revisar cuidadosamente a pol\u00edtica de privacidade de qualquer site de terceiro que possa visitar, a fim de compreender como os operadores desse site podem coletar, armazenar e usar seus Dados Pessoais.<\/p><ol start=\"7\"><li><b><\/b><strong><b>ATUALIZA\u00c7\u00d5ES DESTA POL\u00cdTICA<\/b><\/strong><\/li><\/ol><p>Esta Pol\u00edtica foi atualizada pela \u00faltima vez na data indicada acima. Informaremos voc\u00ea sempre que houver uma altera\u00e7\u00e3o material nesta Pol\u00edtica de Privacidade.<\/p><ol start=\"8\"><li><b><\/b><strong><b>RECLAMA\u00c7\u00d5ES<\/b><\/strong><\/li><\/ol><p>Embora esperemos que voc\u00ea n\u00e3o precise fazer isso, se voc\u00ea quiser reclamar sobre nosso uso de Dados Pessoais, envie uma mensagem clicando <a href=\"\/ouvidoria\/\">aqui<\/a>, detalhando sua reclama\u00e7\u00e3o.<\/p><ol start=\"9\"><li><b><\/b><strong><b>CONTATO<\/b><\/strong><\/li><\/ol><p>Se voc\u00ea ainda tiver alguma d\u00favida a respeito da finalidade para a qual utilizamos seus Dados Pessoais ou se tiver alguma cr\u00edtica e\/ou sugest\u00e3o, n\u00e3o hesite em entrar em contato conosco atrav\u00e9s do e-mail:\u00a0nadi.atendimento@fametro.edu.br.<\/p>\t\t\t\t\t\t\t\t<\/div>\n\t\t\t\t<\/div>\n\t\t\t\t\t<\/div>\n\t\t<\/div>\n\t\t\t\t\t<\/div>\n\t\t<\/section>\n\t\t\t\t<\/div>\n\t\t","protected":false},"excerpt":{"rendered":"<p>A FACULDADE SANTA TERESA preza pela privacidade de quem nos fornece Dados Pessoais. Esta Pol\u00edtica de Privacidade (&#8220;Pol\u00edtica&#8221;) descreve como e por que coletamos, armazenamos e tratamos Dados Pessoais e fornece informa\u00e7\u00f5es sobre os direitos dos titulares. Esta Pol\u00edtica se aplica a Dados Pessoais fornecidos a n\u00f3s por um indiv\u00edduo ou por terceiros. Podemos usar [&hellip;]<\/p>\n","protected":false},"author":6,"featured_media":0,"parent":0,"menu_order":0,"comment_status":"closed","ping_status":"open","template":"","meta":{"_acf_changed":false,"footnotes":""},"class_list":["post-3","page","type-page","status-publish","hentry"],"acf":[],"_links":{"self":[{"href":"https:\/\/faculdadesantateresa.edu.br\/goiania\/wp-json\/wp\/v2\/pages\/3","targetHints":{"allow":["GET"]}}],"collection":[{"href":"https:\/\/faculdadesantateresa.edu.br\/goiania\/wp-json\/wp\/v2\/pages"}],"about":[{"href":"https:\/\/faculdadesantateresa.edu.br\/goiania\/wp-json\/wp\/v2\/types\/page"}],"author":[{"embeddable":true,"href":"https:\/\/faculdadesantateresa.edu.br\/goiania\/wp-json\/wp\/v2\/users\/6"}],"replies":[{"embeddable":true,"href":"https:\/\/faculdadesantateresa.edu.br\/goiania\/wp-json\/wp\/v2\/comments?post=3"}],"version-history":[{"count":6,"href":"https:\/\/faculdadesantateresa.edu.br\/goiania\/wp-json\/wp\/v2\/pages\/3\/revisions"}],"predecessor-version":[{"id":1212,"href":"https:\/\/faculdadesantateresa.edu.br\/goiania\/wp-json\/wp\/v2\/pages\/3\/revisions\/1212"}],"wp:attachment":[{"href":"https:\/\/faculdadesantateresa.edu.br\/goiania\/wp-json\/wp\/v2\/media?parent=3"}],"curies":[{"name":"wp","href":"https:\/\/api.w.org\/{rel}","templated":true}]}}