{"id":565,"date":"2025-01-10T10:50:14","date_gmt":"2025-01-10T14:50:14","guid":{"rendered":"https:\/\/a75d40d4bc.nxcli.io\/goiania\/?page_id=565"},"modified":"2025-06-17T10:42:28","modified_gmt":"2025-06-17T14:42:28","slug":"gestao-democratica","status":"publish","type":"page","link":"https:\/\/faculdadesantateresa.edu.br\/goiania\/gestao-democratica\/","title":{"rendered":"Gest\u00e3o Democr\u00e1tica"},"content":{"rendered":"\t\t<div data-elementor-type=\"wp-page\" data-elementor-id=\"565\" class=\"elementor elementor-565\">\n\t\t\t\t\t\t<section class=\"elementor-section elementor-top-section elementor-element elementor-element-6803a39 elementor-section-stretched elementor-section-boxed elementor-section-height-default elementor-section-height-default\" data-id=\"6803a39\" data-element_type=\"section\" data-e-type=\"section\" data-settings=\"{&quot;stretch_section&quot;:&quot;section-stretched&quot;,&quot;jet_parallax_layout_list&quot;:[],&quot;background_background&quot;:&quot;slideshow&quot;,&quot;background_slideshow_gallery&quot;:[{&quot;id&quot;:1020,&quot;url&quot;:&quot;https:\\\/\\\/faculdadesantateresa.edu.br\\\/goiania\\\/wp-content\\\/uploads\\\/2025\\\/06\\\/FST-Entrada-da-Sede.webp&quot;}],&quot;background_slideshow_loop&quot;:&quot;yes&quot;,&quot;background_slideshow_slide_duration&quot;:5000,&quot;background_slideshow_slide_transition&quot;:&quot;fade&quot;,&quot;background_slideshow_transition_duration&quot;:500}\">\n\t\t\t\t\t\t\t<div class=\"elementor-background-overlay\"><\/div>\n\t\t\t\t\t\t\t<div class=\"elementor-container elementor-column-gap-default\">\n\t\t\t\t\t<div class=\"elementor-column elementor-col-100 elementor-top-column elementor-element elementor-element-02a75fc\" data-id=\"02a75fc\" data-element_type=\"column\" data-e-type=\"column\">\n\t\t\t<div class=\"elementor-widget-wrap elementor-element-populated\">\n\t\t\t\t\t\t<section class=\"elementor-section elementor-inner-section elementor-element elementor-element-e465451 elementor-section-boxed elementor-section-height-default elementor-section-height-default\" data-id=\"e465451\" data-element_type=\"section\" data-e-type=\"section\" data-settings=\"{&quot;jet_parallax_layout_list&quot;:[]}\">\n\t\t\t\t\t\t<div class=\"elementor-container elementor-column-gap-default\">\n\t\t\t\t\t<div class=\"elementor-column elementor-col-100 elementor-inner-column elementor-element elementor-element-04a3f1c\" data-id=\"04a3f1c\" data-element_type=\"column\" data-e-type=\"column\">\n\t\t\t<div class=\"elementor-widget-wrap elementor-element-populated\">\n\t\t\t\t\t\t<div class=\"elementor-element elementor-element-efbb401 elementor-widget elementor-widget-raven-post-title\" data-id=\"efbb401\" data-element_type=\"widget\" data-e-type=\"widget\" data-widget_type=\"raven-post-title.default\">\n\t\t\t\t<div class=\"elementor-widget-container\">\n\t\t\t\t\t<h1 class=\"raven-post-title\">Gest\u00e3o Democr\u00e1tica<\/h1>\t\t\t\t<\/div>\n\t\t\t\t<\/div>\n\t\t\t\t\t<\/div>\n\t\t<\/div>\n\t\t\t\t\t<\/div>\n\t\t<\/section>\n\t\t\t\t\t<\/div>\n\t\t<\/div>\n\t\t\t\t\t<\/div>\n\t\t<\/section>\n\t\t\t\t<section class=\"elementor-section elementor-top-section elementor-element elementor-element-eb63463 elementor-section-boxed elementor-section-height-default elementor-section-height-default\" data-id=\"eb63463\" data-element_type=\"section\" data-e-type=\"section\" data-settings=\"{&quot;jet_parallax_layout_list&quot;:[]}\">\n\t\t\t\t\t\t<div class=\"elementor-container elementor-column-gap-default\">\n\t\t\t\t\t<div class=\"elementor-column elementor-col-66 elementor-top-column elementor-element elementor-element-b449188\" data-id=\"b449188\" data-element_type=\"column\" data-e-type=\"column\">\n\t\t\t<div class=\"elementor-widget-wrap elementor-element-populated\">\n\t\t\t\t\t\t<div class=\"elementor-element elementor-element-cb998b2 elementor-widget elementor-widget-text-editor\" data-id=\"cb998b2\" data-element_type=\"widget\" data-e-type=\"widget\" data-widget_type=\"text-editor.default\">\n\t\t\t\t<div class=\"elementor-widget-container\">\n\t\t\t\t\t\t\t\t\t<p style=\"text-align: justify;\">O processo de gest\u00e3o democr\u00e1tica da Faculdade Santa Teresa tem como princ\u00edpio a participa\u00e7\u00e3o, a transpar\u00eancia e a implementa\u00e7\u00e3o de pol\u00edticas educacionais comprometidas com a qualidade do ensino.<\/p>\n<p style=\"text-align: justify;\">A Lei de Diretrizes e Bases da Educa\u00e7\u00e3o Brasileira (LDB\/9394\/96) assegura a import\u00e2ncia da gest\u00e3o democr\u00e1tica nas Institui\u00e7\u00f5es de Ensino, e nela, podemos constatar a conquista do direito de, efetivamente, refletir a necessidade e a import\u00e2ncia da participa\u00e7\u00e3o consciente dos gestores,  discentes, docentes e colaboradores em rela\u00e7\u00e3o a tomada de decis\u00e3o do dia a dia em busca da constru\u00e7\u00e3o coletiva dos resultados visando a excel\u00eancia acad\u00eamica.<\/p>\n<p style=\"text-align: justify;\">No entanto, n\u00e3o se pode pensar em Gest\u00e3o Democr\u00e1tica sem a participa\u00e7\u00e3o, presen\u00e7a e comprometimento da comunidade. Desta forma, os instrumentos que possibilitam a efetiva\u00e7\u00e3o da Gest\u00e3o Democr\u00e1tica s\u00e3o as Inst\u00e2ncias Colegiadas. Para que estas participem das discuss\u00f5es e decis\u00f5es da IES, \u00e9 necess\u00e1rio que ap\u00f3s as reuni\u00f5es dos colegiados, NDE e CONSUP a equipe diretiva informe e divulgue as ideias e a\u00e7\u00f5es, com transpar\u00eancia, para a comunidade escolar atrav\u00e9s do ambiente digital da Faculdade Santa Teresa e do Site institucional.<\/p>\t\t\t\t\t\t\t\t<\/div>\n\t\t\t\t<\/div>\n\t\t\t\t\t<\/div>\n\t\t<\/div>\n\t\t\t\t<div class=\"elementor-column elementor-col-33 elementor-top-column elementor-element elementor-element-3de6748\" data-id=\"3de6748\" data-element_type=\"column\" data-e-type=\"column\">\n\t\t\t<div class=\"elementor-widget-wrap\">\n\t\t\t\t\t\t\t<\/div>\n\t\t<\/div>\n\t\t\t\t\t<\/div>\n\t\t<\/section>\n\t\t\t\t<section class=\"elementor-section elementor-top-section elementor-element elementor-element-571f660 elementor-section-boxed elementor-section-height-default elementor-section-height-default\" data-id=\"571f660\" data-element_type=\"section\" data-e-type=\"section\" data-settings=\"{&quot;jet_parallax_layout_list&quot;:[]}\">\n\t\t\t\t\t\t<div class=\"elementor-container elementor-column-gap-default\">\n\t\t\t\t\t<div class=\"elementor-column elementor-col-100 elementor-top-column elementor-element elementor-element-af94ca4\" data-id=\"af94ca4\" data-element_type=\"column\" data-e-type=\"column\">\n\t\t\t<div class=\"elementor-widget-wrap elementor-element-populated\">\n\t\t\t\t\t\t\t<\/div>\n\t\t<\/div>\n\t\t\t\t\t<\/div>\n\t\t<\/section>\n\t\t\t\t<\/div>\n\t\t","protected":false},"excerpt":{"rendered":"<p>O processo de gest\u00e3o democr\u00e1tica da Faculdade Santa Teresa tem como princ\u00edpio a participa\u00e7\u00e3o, a transpar\u00eancia e a implementa\u00e7\u00e3o de pol\u00edticas educacionais comprometidas com a qualidade do ensino. A Lei de Diretrizes e Bases da Educa\u00e7\u00e3o Brasileira (LDB\/9394\/96) assegura a import\u00e2ncia da gest\u00e3o democr\u00e1tica nas Institui\u00e7\u00f5es de Ensino, e nela, podemos constatar a conquista do [&hellip;]<\/p>\n","protected":false},"author":6,"featured_media":0,"parent":0,"menu_order":0,"comment_status":"closed","ping_status":"closed","template":"","meta":{"_acf_changed":false,"footnotes":""},"class_list":["post-565","page","type-page","status-publish","hentry"],"acf":[],"_links":{"self":[{"href":"https:\/\/faculdadesantateresa.edu.br\/goiania\/wp-json\/wp\/v2\/pages\/565","targetHints":{"allow":["GET"]}}],"collection":[{"href":"https:\/\/faculdadesantateresa.edu.br\/goiania\/wp-json\/wp\/v2\/pages"}],"about":[{"href":"https:\/\/faculdadesantateresa.edu.br\/goiania\/wp-json\/wp\/v2\/types\/page"}],"author":[{"embeddable":true,"href":"https:\/\/faculdadesantateresa.edu.br\/goiania\/wp-json\/wp\/v2\/users\/6"}],"replies":[{"embeddable":true,"href":"https:\/\/faculdadesantateresa.edu.br\/goiania\/wp-json\/wp\/v2\/comments?post=565"}],"version-history":[{"count":9,"href":"https:\/\/faculdadesantateresa.edu.br\/goiania\/wp-json\/wp\/v2\/pages\/565\/revisions"}],"predecessor-version":[{"id":1043,"href":"https:\/\/faculdadesantateresa.edu.br\/goiania\/wp-json\/wp\/v2\/pages\/565\/revisions\/1043"}],"wp:attachment":[{"href":"https:\/\/faculdadesantateresa.edu.br\/goiania\/wp-json\/wp\/v2\/media?parent=565"}],"curies":[{"name":"wp","href":"https:\/\/api.w.org\/{rel}","templated":true}]}}