{"id":726,"date":"2025-01-14T14:20:11","date_gmt":"2025-01-14T18:20:11","guid":{"rendered":"https:\/\/a75d40d4bc.nxcli.io\/goiania\/?page_id=726"},"modified":"2025-06-17T10:48:22","modified_gmt":"2025-06-17T14:48:22","slug":"guia-academico","status":"publish","type":"page","link":"https:\/\/faculdadesantateresa.edu.br\/goiania\/guia-academico\/","title":{"rendered":"Guia Acad\u00eamico"},"content":{"rendered":"\t\t<div data-elementor-type=\"wp-page\" data-elementor-id=\"726\" class=\"elementor elementor-726\">\n\t\t\t\t\t\t<section class=\"elementor-section elementor-top-section elementor-element elementor-element-8ca76ce elementor-section-stretched elementor-section-boxed elementor-section-height-default elementor-section-height-default\" data-id=\"8ca76ce\" data-element_type=\"section\" data-e-type=\"section\" data-settings=\"{&quot;stretch_section&quot;:&quot;section-stretched&quot;,&quot;jet_parallax_layout_list&quot;:[],&quot;background_background&quot;:&quot;slideshow&quot;,&quot;background_slideshow_gallery&quot;:[{&quot;id&quot;:1020,&quot;url&quot;:&quot;https:\\\/\\\/faculdadesantateresa.edu.br\\\/goiania\\\/wp-content\\\/uploads\\\/2025\\\/06\\\/FST-Entrada-da-Sede.webp&quot;}],&quot;background_slideshow_loop&quot;:&quot;yes&quot;,&quot;background_slideshow_slide_duration&quot;:5000,&quot;background_slideshow_slide_transition&quot;:&quot;fade&quot;,&quot;background_slideshow_transition_duration&quot;:500}\">\n\t\t\t\t\t\t\t<div class=\"elementor-background-overlay\"><\/div>\n\t\t\t\t\t\t\t<div class=\"elementor-container elementor-column-gap-default\">\n\t\t\t\t\t<div class=\"elementor-column elementor-col-100 elementor-top-column elementor-element elementor-element-b5aa669\" data-id=\"b5aa669\" data-element_type=\"column\" data-e-type=\"column\">\n\t\t\t<div class=\"elementor-widget-wrap elementor-element-populated\">\n\t\t\t\t\t\t<section class=\"elementor-section elementor-inner-section elementor-element elementor-element-ce5301e elementor-section-boxed elementor-section-height-default elementor-section-height-default\" data-id=\"ce5301e\" data-element_type=\"section\" data-e-type=\"section\" data-settings=\"{&quot;jet_parallax_layout_list&quot;:[]}\">\n\t\t\t\t\t\t<div class=\"elementor-container elementor-column-gap-default\">\n\t\t\t\t\t<div class=\"elementor-column elementor-col-100 elementor-inner-column elementor-element elementor-element-73163e1\" data-id=\"73163e1\" data-element_type=\"column\" data-e-type=\"column\">\n\t\t\t<div class=\"elementor-widget-wrap elementor-element-populated\">\n\t\t\t\t\t\t<div class=\"elementor-element elementor-element-3f535d0 elementor-widget elementor-widget-raven-post-title\" data-id=\"3f535d0\" data-element_type=\"widget\" data-e-type=\"widget\" data-widget_type=\"raven-post-title.default\">\n\t\t\t\t<div class=\"elementor-widget-container\">\n\t\t\t\t\t<h1 class=\"raven-post-title\">Guia Acad\u00eamico<\/h1>\t\t\t\t<\/div>\n\t\t\t\t<\/div>\n\t\t\t\t\t<\/div>\n\t\t<\/div>\n\t\t\t\t\t<\/div>\n\t\t<\/section>\n\t\t\t\t\t<\/div>\n\t\t<\/div>\n\t\t\t\t\t<\/div>\n\t\t<\/section>\n\t\t\t\t<section class=\"elementor-section elementor-top-section elementor-element elementor-element-a2131bf elementor-section-boxed elementor-section-height-default elementor-section-height-default\" data-id=\"a2131bf\" data-element_type=\"section\" data-e-type=\"section\" data-settings=\"{&quot;jet_parallax_layout_list&quot;:[]}\">\n\t\t\t\t\t\t<div class=\"elementor-container elementor-column-gap-default\">\n\t\t\t\t\t<div class=\"elementor-column elementor-col-100 elementor-top-column elementor-element elementor-element-5e14f93\" data-id=\"5e14f93\" data-element_type=\"column\" data-e-type=\"column\">\n\t\t\t<div class=\"elementor-widget-wrap elementor-element-populated\">\n\t\t\t\t\t\t<div class=\"elementor-element elementor-element-5cfb645 elementor-widget elementor-widget-heading\" data-id=\"5cfb645\" data-element_type=\"widget\" data-e-type=\"widget\" data-widget_type=\"heading.default\">\n\t\t\t\t<div class=\"elementor-widget-container\">\n\t\t\t\t\t<h2 class=\"elementor-heading-title elementor-size-default\">Calend\u00e1rio Acad\u00eamico<\/h2>\t\t\t\t<\/div>\n\t\t\t\t<\/div>\n\t\t\t\t<div class=\"elementor-element elementor-element-5a99b1b elementor-widget elementor-widget-text-editor\" data-id=\"5a99b1b\" data-element_type=\"widget\" data-e-type=\"widget\" data-widget_type=\"text-editor.default\">\n\t\t\t\t<div class=\"elementor-widget-container\">\n\t\t\t\t\t\t\t\t\t<p>Este documento institucional \u00e9 flex\u00edvel e pode ser ajustado conforme a autonomia did\u00e1tico-pedag\u00f3gica, cujas defini\u00e7\u00f5es s\u00e3o de responsabilidade acad\u00eamica. Para mais informa\u00e7\u00f5es ou esclarecimentos, entre em contato com a coordena\u00e7\u00e3o do seu curso.<\/p>\t\t\t\t\t\t\t\t<\/div>\n\t\t\t\t<\/div>\n\t\t\t\t\t<\/div>\n\t\t<\/div>\n\t\t\t\t\t<\/div>\n\t\t<\/section>\n\t\t\t\t<section class=\"elementor-section elementor-top-section elementor-element elementor-element-dad5961 elementor-section-boxed elementor-section-height-default elementor-section-height-default\" data-id=\"dad5961\" data-element_type=\"section\" data-e-type=\"section\" data-settings=\"{&quot;jet_parallax_layout_list&quot;:[]}\">\n\t\t\t\t\t\t<div class=\"elementor-container elementor-column-gap-default\">\n\t\t\t\t\t<div class=\"elementor-column elementor-col-100 elementor-top-column elementor-element elementor-element-d0e1cf5\" data-id=\"d0e1cf5\" data-element_type=\"column\" data-e-type=\"column\">\n\t\t\t<div class=\"elementor-widget-wrap elementor-element-populated\">\n\t\t\t\t\t\t<div class=\"elementor-element elementor-element-9e3f552 elementor-widget elementor-widget-heading\" data-id=\"9e3f552\" data-element_type=\"widget\" data-e-type=\"widget\" data-widget_type=\"heading.default\">\n\t\t\t\t<div class=\"elementor-widget-container\">\n\t\t\t\t\t<h2 class=\"elementor-heading-title elementor-size-default\">Calend\u00e1rio de Provas<\/h2>\t\t\t\t<\/div>\n\t\t\t\t<\/div>\n\t\t\t\t\t<\/div>\n\t\t<\/div>\n\t\t\t\t\t<\/div>\n\t\t<\/section>\n\t\t\t\t<section class=\"elementor-section elementor-top-section elementor-element elementor-element-e4395ee elementor-section-boxed elementor-section-height-default elementor-section-height-default\" data-id=\"e4395ee\" data-element_type=\"section\" data-e-type=\"section\" data-settings=\"{&quot;jet_parallax_layout_list&quot;:[]}\">\n\t\t\t\t\t\t<div class=\"elementor-container elementor-column-gap-default\">\n\t\t\t\t\t<div class=\"elementor-column elementor-col-100 elementor-top-column elementor-element elementor-element-c662578\" data-id=\"c662578\" data-element_type=\"column\" data-e-type=\"column\">\n\t\t\t<div class=\"elementor-widget-wrap elementor-element-populated\">\n\t\t\t\t\t\t<div class=\"elementor-element elementor-element-c40721c elementor-widget elementor-widget-heading\" data-id=\"c40721c\" data-element_type=\"widget\" data-e-type=\"widget\" data-widget_type=\"heading.default\">\n\t\t\t\t<div class=\"elementor-widget-container\">\n\t\t\t\t\t<h2 class=\"elementor-heading-title elementor-size-default\">Mapa de Salas<\/h2>\t\t\t\t<\/div>\n\t\t\t\t<\/div>\n\t\t\t\t\t<\/div>\n\t\t<\/div>\n\t\t\t\t\t<\/div>\n\t\t<\/section>\n\t\t\t\t<\/div>\n\t\t","protected":false},"excerpt":{"rendered":"<p>Calend\u00e1rio Acad\u00eamico Este documento institucional \u00e9 flex\u00edvel e pode ser ajustado conforme a autonomia did\u00e1tico-pedag\u00f3gica, cujas defini\u00e7\u00f5es s\u00e3o de responsabilidade acad\u00eamica. Para mais informa\u00e7\u00f5es ou esclarecimentos, entre em contato com a coordena\u00e7\u00e3o do seu curso. Calend\u00e1rio Discente &#8211; 2025 20\/01\/2025 Calend\u00e1rio Docente &#8211; 2025 14\/01\/2025 Calend\u00e1rio Discente &#8211; 2024\/2 14\/07\/2024 Calend\u00e1rio Discente &#8211; 2024\/1 31\/12\/2023 [&hellip;]<\/p>\n","protected":false},"author":6,"featured_media":0,"parent":0,"menu_order":0,"comment_status":"closed","ping_status":"closed","template":"","meta":{"_acf_changed":false,"footnotes":""},"class_list":["post-726","page","type-page","status-publish","hentry"],"acf":[],"_links":{"self":[{"href":"https:\/\/faculdadesantateresa.edu.br\/goiania\/wp-json\/wp\/v2\/pages\/726","targetHints":{"allow":["GET"]}}],"collection":[{"href":"https:\/\/faculdadesantateresa.edu.br\/goiania\/wp-json\/wp\/v2\/pages"}],"about":[{"href":"https:\/\/faculdadesantateresa.edu.br\/goiania\/wp-json\/wp\/v2\/types\/page"}],"author":[{"embeddable":true,"href":"https:\/\/faculdadesantateresa.edu.br\/goiania\/wp-json\/wp\/v2\/users\/6"}],"replies":[{"embeddable":true,"href":"https:\/\/faculdadesantateresa.edu.br\/goiania\/wp-json\/wp\/v2\/comments?post=726"}],"version-history":[{"count":18,"href":"https:\/\/faculdadesantateresa.edu.br\/goiania\/wp-json\/wp\/v2\/pages\/726\/revisions"}],"predecessor-version":[{"id":1046,"href":"https:\/\/faculdadesantateresa.edu.br\/goiania\/wp-json\/wp\/v2\/pages\/726\/revisions\/1046"}],"wp:attachment":[{"href":"https:\/\/faculdadesantateresa.edu.br\/goiania\/wp-json\/wp\/v2\/media?parent=726"}],"curies":[{"name":"wp","href":"https:\/\/api.w.org\/{rel}","templated":true}]}}