{"id":853,"date":"2025-01-20T14:19:19","date_gmt":"2025-01-20T18:19:19","guid":{"rendered":"https:\/\/a75d40d4bc.nxcli.io\/goiania\/?page_id=853"},"modified":"2025-11-27T10:15:20","modified_gmt":"2025-11-27T14:15:20","slug":"programa-de-apoio","status":"publish","type":"page","link":"https:\/\/faculdadesantateresa.edu.br\/goiania\/programa-de-apoio\/","title":{"rendered":"Programa de Apoio"},"content":{"rendered":"\t\t<div data-elementor-type=\"wp-page\" data-elementor-id=\"853\" class=\"elementor elementor-853\">\n\t\t\t\t\t\t<section class=\"elementor-section elementor-top-section elementor-element elementor-element-d2c76be elementor-section-stretched elementor-section-boxed elementor-section-height-default elementor-section-height-default\" data-id=\"d2c76be\" data-element_type=\"section\" data-e-type=\"section\" data-settings=\"{&quot;stretch_section&quot;:&quot;section-stretched&quot;,&quot;jet_parallax_layout_list&quot;:[],&quot;background_background&quot;:&quot;slideshow&quot;,&quot;background_slideshow_gallery&quot;:[{&quot;id&quot;:1020,&quot;url&quot;:&quot;https:\\\/\\\/faculdadesantateresa.edu.br\\\/boavista\\\/wp-content\\\/uploads\\\/2025\\\/06\\\/FST-Entrada-da-Sede.webp&quot;}],&quot;background_slideshow_loop&quot;:&quot;yes&quot;,&quot;background_slideshow_slide_duration&quot;:5000,&quot;background_slideshow_slide_transition&quot;:&quot;fade&quot;,&quot;background_slideshow_transition_duration&quot;:500}\">\n\t\t\t\t\t\t\t<div class=\"elementor-background-overlay\"><\/div>\n\t\t\t\t\t\t\t<div class=\"elementor-container elementor-column-gap-default\">\n\t\t\t\t\t<div class=\"elementor-column elementor-col-100 elementor-top-column elementor-element elementor-element-c7e64e2\" data-id=\"c7e64e2\" data-element_type=\"column\" data-e-type=\"column\">\n\t\t\t<div class=\"elementor-widget-wrap elementor-element-populated\">\n\t\t\t\t\t\t<section class=\"elementor-section elementor-inner-section elementor-element elementor-element-17c9ee0 elementor-section-boxed elementor-section-height-default elementor-section-height-default\" data-id=\"17c9ee0\" data-element_type=\"section\" data-e-type=\"section\" data-settings=\"{&quot;jet_parallax_layout_list&quot;:[]}\">\n\t\t\t\t\t\t<div class=\"elementor-container elementor-column-gap-default\">\n\t\t\t\t\t<div class=\"elementor-column elementor-col-100 elementor-inner-column elementor-element elementor-element-3f0f63d\" data-id=\"3f0f63d\" data-element_type=\"column\" data-e-type=\"column\">\n\t\t\t<div class=\"elementor-widget-wrap elementor-element-populated\">\n\t\t\t\t\t\t<div class=\"elementor-element elementor-element-6c4fb28 elementor-widget elementor-widget-raven-post-title\" data-id=\"6c4fb28\" data-element_type=\"widget\" data-e-type=\"widget\" data-widget_type=\"raven-post-title.default\">\n\t\t\t\t<div class=\"elementor-widget-container\">\n\t\t\t\t\t<h1 class=\"raven-post-title\">Programa de Apoio<\/h1>\t\t\t\t<\/div>\n\t\t\t\t<\/div>\n\t\t\t\t\t<\/div>\n\t\t<\/div>\n\t\t\t\t\t<\/div>\n\t\t<\/section>\n\t\t\t\t\t<\/div>\n\t\t<\/div>\n\t\t\t\t\t<\/div>\n\t\t<\/section>\n\t\t\t\t<section class=\"elementor-section elementor-top-section elementor-element elementor-element-b781607 elementor-section-boxed elementor-section-height-default elementor-section-height-default\" data-id=\"b781607\" data-element_type=\"section\" data-e-type=\"section\" data-settings=\"{&quot;jet_parallax_layout_list&quot;:[]}\">\n\t\t\t\t\t\t<div class=\"elementor-container elementor-column-gap-default\">\n\t\t\t\t\t<div class=\"elementor-column elementor-col-100 elementor-top-column elementor-element elementor-element-50389c0\" data-id=\"50389c0\" data-element_type=\"column\" data-e-type=\"column\">\n\t\t\t<div class=\"elementor-widget-wrap elementor-element-populated\">\n\t\t\t\t\t\t<div class=\"elementor-element elementor-element-786c27a elementor-widget elementor-widget-heading\" data-id=\"786c27a\" data-element_type=\"widget\" data-e-type=\"widget\" data-widget_type=\"heading.default\">\n\t\t\t\t<div class=\"elementor-widget-container\">\n\t\t\t\t\t<h2 class=\"elementor-heading-title elementor-size-default\">Monitoria<\/h2>\t\t\t\t<\/div>\n\t\t\t\t<\/div>\n\t\t\t\t<div class=\"elementor-element elementor-element-4732334 elementor-widget elementor-widget-text-editor\" data-id=\"4732334\" data-element_type=\"widget\" data-e-type=\"widget\" data-widget_type=\"text-editor.default\">\n\t\t\t\t<div class=\"elementor-widget-container\">\n\t\t\t\t\t\t\t\t\t<p>Na Faculdade Santa Teresa &#8211; Goi\u00e2nia, o Programa de Monitoria busca fomentar no<br \/>aluno o interesse pela carreira docente e pelas rotinas do trabalho de pesquisa, promovendo a<br \/>coopera\u00e7\u00e3o do corpo discente e a intera\u00e7\u00e3o entre estudantes de diferentes per\u00edodos letivos,<br \/>proporcionando tamb\u00e9m a possibilidade de aprofundamento dos conhecimentos te\u00f3ricos e pr\u00e1ticos<br \/>dentro da disciplina a que estiver ligado o Monitor. O edital de Monitoria \u00e9 publicado<br \/>semestralmente.<\/p>\t\t\t\t\t\t\t\t<\/div>\n\t\t\t\t<\/div>\n\t\t\t\t\t<\/div>\n\t\t<\/div>\n\t\t\t\t\t<\/div>\n\t\t<\/section>\n\t\t\t\t<section class=\"elementor-section elementor-top-section elementor-element elementor-element-3715091 elementor-section-boxed elementor-section-height-default elementor-section-height-default\" data-id=\"3715091\" data-element_type=\"section\" data-e-type=\"section\" data-settings=\"{&quot;jet_parallax_layout_list&quot;:[]}\">\n\t\t\t\t\t\t<div class=\"elementor-container elementor-column-gap-default\">\n\t\t\t\t\t<div class=\"elementor-column elementor-col-100 elementor-top-column elementor-element elementor-element-b4a238b\" data-id=\"b4a238b\" data-element_type=\"column\" data-e-type=\"column\">\n\t\t\t<div class=\"elementor-widget-wrap elementor-element-populated\">\n\t\t\t\t\t\t<div class=\"elementor-element elementor-element-94ce322 elementor-widget elementor-widget-heading\" data-id=\"94ce322\" data-element_type=\"widget\" data-e-type=\"widget\" data-widget_type=\"heading.default\">\n\t\t\t\t<div class=\"elementor-widget-container\">\n\t\t\t\t\t<h2 class=\"elementor-heading-title elementor-size-default\">Escola de L\u00edderes<\/h2>\t\t\t\t<\/div>\n\t\t\t\t<\/div>\n\t\t\t\t<div class=\"elementor-element elementor-element-0522444 elementor-widget elementor-widget-text-editor\" data-id=\"0522444\" data-element_type=\"widget\" data-e-type=\"widget\" data-widget_type=\"text-editor.default\">\n\t\t\t\t<div class=\"elementor-widget-container\">\n\t\t\t\t\t\t\t\t\t<p>Movida pelo compromisso em desenvolver o esp\u00edrito de lideran\u00e7a em nossos alunos, a Faculdade Santa Teresa &#8211; Goi\u00e2nia, o protagonismo estudantil, por meio da Escola de L\u00edderes. Este \u00f3rg\u00e3o<br \/>representativo \u00e9 formado pelos representantes de classe, legitimamente eleitos, que exercem a<br \/>lideran\u00e7a da sala junto as demais inst\u00e2ncias colegiadas e a dire\u00e7\u00e3o da Institui\u00e7\u00e3o. Os membros da<\/p><p>Escola de L\u00edderes, recebem orienta\u00e7\u00e3o e forma\u00e7\u00e3o para exercerem a lideran\u00e7a com<br \/>responsabilidade e esp\u00edrito conciliador, aprendendo a atuar de maneira assertiva na media\u00e7\u00e3o de<br \/>conflitos.<\/p>\t\t\t\t\t\t\t\t<\/div>\n\t\t\t\t<\/div>\n\t\t\t\t\t<\/div>\n\t\t<\/div>\n\t\t\t\t\t<\/div>\n\t\t<\/section>\n\t\t\t\t<section class=\"elementor-section elementor-top-section elementor-element elementor-element-7c4ad7b elementor-section-boxed elementor-section-height-default elementor-section-height-default\" data-id=\"7c4ad7b\" data-element_type=\"section\" data-e-type=\"section\" data-settings=\"{&quot;jet_parallax_layout_list&quot;:[]}\">\n\t\t\t\t\t\t<div class=\"elementor-container elementor-column-gap-default\">\n\t\t\t\t\t<div class=\"elementor-column elementor-col-100 elementor-top-column elementor-element elementor-element-b7ef64d\" data-id=\"b7ef64d\" data-element_type=\"column\" data-e-type=\"column\">\n\t\t\t<div class=\"elementor-widget-wrap elementor-element-populated\">\n\t\t\t\t\t\t<div class=\"elementor-element elementor-element-95eec0b elementor-widget elementor-widget-heading\" data-id=\"95eec0b\" data-element_type=\"widget\" data-e-type=\"widget\" data-widget_type=\"heading.default\">\n\t\t\t\t<div class=\"elementor-widget-container\">\n\t\t\t\t\t<h2 class=\"elementor-heading-title elementor-size-default\">M\u00e9rito Acad\u00eamico<\/h2>\t\t\t\t<\/div>\n\t\t\t\t<\/div>\n\t\t\t\t<div class=\"elementor-element elementor-element-cc6efbd elementor-widget elementor-widget-text-editor\" data-id=\"cc6efbd\" data-element_type=\"widget\" data-e-type=\"widget\" data-widget_type=\"text-editor.default\">\n\t\t\t\t<div class=\"elementor-widget-container\">\n\t\t\t\t\t\t\t\t\t<p>Promove o desempenho acad\u00eamico de excel\u00eancia premiando semestralmente, os alunos que se destacaram durante o semestre letivo, e os professores que foram tamb\u00e9m reconhecidos pela excel\u00eancia na doc\u00eancia com pr\u00e1ticas exitosas e inovadoras no campo da doc\u00eancia superior,<br \/>recebem uma premia\u00e7\u00e3o.<\/p>\t\t\t\t\t\t\t\t<\/div>\n\t\t\t\t<\/div>\n\t\t\t\t\t<\/div>\n\t\t<\/div>\n\t\t\t\t\t<\/div>\n\t\t<\/section>\n\t\t\t\t<section class=\"elementor-section elementor-top-section elementor-element elementor-element-1111f1a elementor-section-boxed elementor-section-height-default elementor-section-height-default\" data-id=\"1111f1a\" data-element_type=\"section\" data-e-type=\"section\" data-settings=\"{&quot;jet_parallax_layout_list&quot;:[]}\">\n\t\t\t\t\t\t<div class=\"elementor-container elementor-column-gap-default\">\n\t\t\t\t\t<div class=\"elementor-column elementor-col-100 elementor-top-column elementor-element elementor-element-28434b3\" data-id=\"28434b3\" data-element_type=\"column\" data-e-type=\"column\">\n\t\t\t<div class=\"elementor-widget-wrap elementor-element-populated\">\n\t\t\t\t\t\t<div class=\"elementor-element elementor-element-83706d7 elementor-widget elementor-widget-heading\" data-id=\"83706d7\" data-element_type=\"widget\" data-e-type=\"widget\" data-widget_type=\"heading.default\">\n\t\t\t\t<div class=\"elementor-widget-container\">\n\t\t\t\t\t<h2 class=\"elementor-heading-title elementor-size-default\">Forma\u00e7\u00e3o de Empreendedores<\/h2>\t\t\t\t<\/div>\n\t\t\t\t<\/div>\n\t\t\t\t<div class=\"elementor-element elementor-element-6254019 elementor-widget elementor-widget-text-editor\" data-id=\"6254019\" data-element_type=\"widget\" data-e-type=\"widget\" data-widget_type=\"text-editor.default\">\n\t\t\t\t<div class=\"elementor-widget-container\">\n\t\t\t\t\t\t\t\t\t<p>A Faculdade Santa Teresa &#8211; Goi\u00e2nia, possui como um dos seus pilares a forma\u00e7\u00e3o para o empreendedorismo, raz\u00e3o pela qual prop\u00f5e atividades educativas de forma\u00e7\u00e3o e informa\u00e7\u00e3o para fomentar a atividade empreendedora em nossa cidade. Estes cursos abertos aos nossos alunos e<br \/>a comunidade em geral buscam sedimentar a nossa miss\u00e3o e contribuir para o desenvolvimento da regi\u00e3o a partir da oferta de novas oportunidades de renda.<\/p>\t\t\t\t\t\t\t\t<\/div>\n\t\t\t\t<\/div>\n\t\t\t\t\t<\/div>\n\t\t<\/div>\n\t\t\t\t\t<\/div>\n\t\t<\/section>\n\t\t\t\t<section class=\"elementor-section elementor-top-section elementor-element elementor-element-2084f69 elementor-section-boxed elementor-section-height-default elementor-section-height-default\" data-id=\"2084f69\" data-element_type=\"section\" data-e-type=\"section\" data-settings=\"{&quot;jet_parallax_layout_list&quot;:[]}\">\n\t\t\t\t\t\t<div class=\"elementor-container elementor-column-gap-default\">\n\t\t\t\t\t<div class=\"elementor-column elementor-col-100 elementor-top-column elementor-element elementor-element-803618d\" data-id=\"803618d\" data-element_type=\"column\" data-e-type=\"column\">\n\t\t\t<div class=\"elementor-widget-wrap elementor-element-populated\">\n\t\t\t\t\t\t<div class=\"elementor-element elementor-element-17665d6 elementor-widget elementor-widget-heading\" data-id=\"17665d6\" data-element_type=\"widget\" data-e-type=\"widget\" data-widget_type=\"heading.default\">\n\t\t\t\t<div class=\"elementor-widget-container\">\n\t\t\t\t\t<h2 class=\"elementor-heading-title elementor-size-default\">N\u00facleo de Atendimento Psicopedag\u00f3gico e Inclus\u00e3o Acessibilidade<\/h2>\t\t\t\t<\/div>\n\t\t\t\t<\/div>\n\t\t\t\t<div class=\"elementor-element elementor-element-0b7ebd8 elementor-widget elementor-widget-text-editor\" data-id=\"0b7ebd8\" data-element_type=\"widget\" data-e-type=\"widget\" data-widget_type=\"text-editor.default\">\n\t\t\t\t<div class=\"elementor-widget-container\">\n\t\t\t\t\t\t\t\t\t<p>Para a promo\u00e7\u00e3o da acessibilidade, a IES oferece o Plano de Promo\u00e7\u00e3o a Acessibilidade em ap\u00eandice desde documento, por interm\u00e9dio da atua\u00e7\u00e3o no N\u00facleo de Atendimento Psicopedag\u00f3gico e Inclus\u00e3o (NAPSI).<\/p>\t\t\t\t\t\t\t\t<\/div>\n\t\t\t\t<\/div>\n\t\t\t\t\t<\/div>\n\t\t<\/div>\n\t\t\t\t\t<\/div>\n\t\t<\/section>\n\t\t\t\t<section class=\"elementor-section elementor-top-section elementor-element elementor-element-f918214 elementor-section-boxed elementor-section-height-default elementor-section-height-default\" data-id=\"f918214\" data-element_type=\"section\" data-e-type=\"section\" data-settings=\"{&quot;jet_parallax_layout_list&quot;:[]}\">\n\t\t\t\t\t\t<div class=\"elementor-container elementor-column-gap-default\">\n\t\t\t\t\t<div class=\"elementor-column elementor-col-100 elementor-top-column elementor-element elementor-element-09483a3\" data-id=\"09483a3\" data-element_type=\"column\" data-e-type=\"column\">\n\t\t\t<div class=\"elementor-widget-wrap elementor-element-populated\">\n\t\t\t\t\t\t<div class=\"elementor-element elementor-element-c92f187 elementor-widget elementor-widget-heading\" data-id=\"c92f187\" data-element_type=\"widget\" data-e-type=\"widget\" data-widget_type=\"heading.default\">\n\t\t\t\t<div class=\"elementor-widget-container\">\n\t\t\t\t\t<h2 class=\"elementor-heading-title elementor-size-default\">Apoio Psicopedag\u00f3gico e orienta\u00e7\u00e3o profissional<\/h2>\t\t\t\t<\/div>\n\t\t\t\t<\/div>\n\t\t\t\t<div class=\"elementor-element elementor-element-93206b9 elementor-widget elementor-widget-text-editor\" data-id=\"93206b9\" data-element_type=\"widget\" data-e-type=\"widget\" data-widget_type=\"text-editor.default\">\n\t\t\t\t<div class=\"elementor-widget-container\">\n\t\t\t\t\t\t\t\t\t<p>O apoio psicopedag\u00f3gico e a orienta\u00e7\u00e3o profissional da Faculdade Santa Teresa &#8211; Goi\u00e2nia ser\u00e3o capitaneado pelo NAPSI, cujo objetivo \u00e9 promover, por meio do atendimento psicopedag\u00f3gico e social, a sa\u00fade dos relacionamentos interpessoais e institucionais, a acessibilidade em todas as suas dimens\u00f5es, principalmente a dimens\u00e3o atitudinal, contribuindo para o processo de aprendizagem do aluno e seu pleno desenvolvimento.<\/p>\t\t\t\t\t\t\t\t<\/div>\n\t\t\t\t<\/div>\n\t\t\t\t\t<\/div>\n\t\t<\/div>\n\t\t\t\t\t<\/div>\n\t\t<\/section>\n\t\t\t\t<section class=\"elementor-section elementor-top-section elementor-element elementor-element-55a1cad elementor-section-boxed elementor-section-height-default elementor-section-height-default\" data-id=\"55a1cad\" data-element_type=\"section\" data-e-type=\"section\" data-settings=\"{&quot;jet_parallax_layout_list&quot;:[]}\">\n\t\t\t\t\t\t<div class=\"elementor-container elementor-column-gap-default\">\n\t\t\t\t\t<div class=\"elementor-column elementor-col-100 elementor-top-column elementor-element elementor-element-1708c1b\" data-id=\"1708c1b\" data-element_type=\"column\" data-e-type=\"column\">\n\t\t\t<div class=\"elementor-widget-wrap elementor-element-populated\">\n\t\t\t\t\t\t<div class=\"elementor-element elementor-element-65c1f58 elementor-widget elementor-widget-heading\" data-id=\"65c1f58\" data-element_type=\"widget\" data-e-type=\"widget\" data-widget_type=\"heading.default\">\n\t\t\t\t<div class=\"elementor-widget-container\">\n\t\t\t\t\t<h2 class=\"elementor-heading-title elementor-size-default\">Atividades Complementares<\/h2>\t\t\t\t<\/div>\n\t\t\t\t<\/div>\n\t\t\t\t<div class=\"elementor-element elementor-element-2dfae8d elementor-widget elementor-widget-text-editor\" data-id=\"2dfae8d\" data-element_type=\"widget\" data-e-type=\"widget\" data-widget_type=\"text-editor.default\">\n\t\t\t\t<div class=\"elementor-widget-container\">\n\t\t\t\t\t\t\t\t\t<p>As Atividades Complementares s\u00e3o desenvolvidas dentro do prazo de conclus\u00e3o do curso de gradua\u00e7\u00e3o, sendo componente curricular obrigat\u00f3rio para a gradua\u00e7\u00e3o do aluno em acordo com a carga hor\u00e1ria apontada na Matriz curricular correspondente. Caber\u00e1 ao aluno participar de Atividades Complementares que privilegiem a constru\u00e7\u00e3o de comportamentos sociais, humanos, culturais e profissionais. Tais atividades ser\u00e3o adicionais \u00e0s demais atividades acad\u00eamicas e dever\u00e3o contemplar os seguintes grupos de atividades:<\/p><p>I. atividades de complementa\u00e7\u00e3o da forma\u00e7\u00e3o social, humana e cultural;<br \/>II. atividades de cunho comunit\u00e1rio e de interesse coletivo;<br \/>III. atividades de inicia\u00e7\u00e3o cient\u00edfica, tecnol\u00f3gica e de forma\u00e7\u00e3o profissional.<\/p>\t\t\t\t\t\t\t\t<\/div>\n\t\t\t\t<\/div>\n\t\t\t\t\t<\/div>\n\t\t<\/div>\n\t\t\t\t\t<\/div>\n\t\t<\/section>\n\t\t\t\t<section class=\"elementor-section elementor-top-section elementor-element elementor-element-ba03aa2 elementor-section-boxed elementor-section-height-default elementor-section-height-default\" data-id=\"ba03aa2\" data-element_type=\"section\" data-e-type=\"section\" data-settings=\"{&quot;jet_parallax_layout_list&quot;:[]}\">\n\t\t\t\t\t\t<div class=\"elementor-container elementor-column-gap-default\">\n\t\t\t\t\t<div class=\"elementor-column elementor-col-100 elementor-top-column elementor-element elementor-element-a73fa8f\" data-id=\"a73fa8f\" data-element_type=\"column\" data-e-type=\"column\">\n\t\t\t<div class=\"elementor-widget-wrap elementor-element-populated\">\n\t\t\t\t\t\t<div class=\"elementor-element elementor-element-f9c4b62 elementor-widget elementor-widget-heading\" data-id=\"f9c4b62\" data-element_type=\"widget\" data-e-type=\"widget\" data-widget_type=\"heading.default\">\n\t\t\t\t<div class=\"elementor-widget-container\">\n\t\t\t\t\t<h2 class=\"elementor-heading-title elementor-size-default\">Atividades Extracurriculares<\/h2>\t\t\t\t<\/div>\n\t\t\t\t<\/div>\n\t\t\t\t<div class=\"elementor-element elementor-element-c64f3d3 elementor-widget elementor-widget-text-editor\" data-id=\"c64f3d3\" data-element_type=\"widget\" data-e-type=\"widget\" data-widget_type=\"text-editor.default\">\n\t\t\t\t<div class=\"elementor-widget-container\">\n\t\t\t\t\t\t\t\t\t<p>S\u00e3o atividades de cunho formativo e\/ou cultural que contribuam para a forma\u00e7\u00e3o do perfil do egresso, tendo em vista o refor\u00e7o ao desenvolvimento das compet\u00eancias e habilidades previstas no Projeto Pol\u00edtico Pedag\u00f3gico do Curso e que n\u00e3o estejam necessariamente vinculadas aos<br \/>componentes curriculares.<\/p>\t\t\t\t\t\t\t\t<\/div>\n\t\t\t\t<\/div>\n\t\t\t\t\t<\/div>\n\t\t<\/div>\n\t\t\t\t\t<\/div>\n\t\t<\/section>\n\t\t\t\t<\/div>\n\t\t","protected":false},"excerpt":{"rendered":"<p>Monitoria Na , o Programa de Monitoria busca fomentar noaluno o interesse pela carreira docente e pelas rotinas do trabalho de pesquisa, promovendo acoopera\u00e7\u00e3o do corpo discente e a intera\u00e7\u00e3o entre estudantes de diferentes per\u00edodos letivos,proporcionando tamb\u00e9m a possibilidade de aprofundamento dos conhecimentos te\u00f3ricos e pr\u00e1ticosdentro da disciplina a que estiver ligado o Monitor. O [&hellip;]<\/p>\n","protected":false},"author":6,"featured_media":0,"parent":0,"menu_order":0,"comment_status":"closed","ping_status":"closed","template":"","meta":{"_acf_changed":false,"footnotes":""},"class_list":["post-853","page","type-page","status-publish","hentry"],"acf":[],"_links":{"self":[{"href":"https:\/\/faculdadesantateresa.edu.br\/goiania\/wp-json\/wp\/v2\/pages\/853","targetHints":{"allow":["GET"]}}],"collection":[{"href":"https:\/\/faculdadesantateresa.edu.br\/goiania\/wp-json\/wp\/v2\/pages"}],"about":[{"href":"https:\/\/faculdadesantateresa.edu.br\/goiania\/wp-json\/wp\/v2\/types\/page"}],"author":[{"embeddable":true,"href":"https:\/\/faculdadesantateresa.edu.br\/goiania\/wp-json\/wp\/v2\/users\/6"}],"replies":[{"embeddable":true,"href":"https:\/\/faculdadesantateresa.edu.br\/goiania\/wp-json\/wp\/v2\/comments?post=853"}],"version-history":[{"count":9,"href":"https:\/\/faculdadesantateresa.edu.br\/goiania\/wp-json\/wp\/v2\/pages\/853\/revisions"}],"predecessor-version":[{"id":1617,"href":"https:\/\/faculdadesantateresa.edu.br\/goiania\/wp-json\/wp\/v2\/pages\/853\/revisions\/1617"}],"wp:attachment":[{"href":"https:\/\/faculdadesantateresa.edu.br\/goiania\/wp-json\/wp\/v2\/media?parent=853"}],"curies":[{"name":"wp","href":"https:\/\/api.w.org\/{rel}","templated":true}]}}