{"id":869,"date":"2025-01-21T10:06:40","date_gmt":"2025-01-21T14:06:40","guid":{"rendered":"https:\/\/a75d40d4bc.nxcli.io\/goiania\/?page_id=869"},"modified":"2025-06-20T09:00:51","modified_gmt":"2025-06-20T13:00:51","slug":"politicas-institucionais","status":"publish","type":"page","link":"https:\/\/faculdadesantateresa.edu.br\/goiania\/politicas-institucionais\/","title":{"rendered":"Pol\u00edticas Institucionais"},"content":{"rendered":"\t\t<div data-elementor-type=\"wp-page\" data-elementor-id=\"869\" class=\"elementor elementor-869\">\n\t\t\t\t\t\t<section class=\"elementor-section elementor-top-section elementor-element elementor-element-fa10fa6 elementor-section-stretched elementor-section-boxed elementor-section-height-default elementor-section-height-default\" data-id=\"fa10fa6\" data-element_type=\"section\" data-e-type=\"section\" data-settings=\"{&quot;stretch_section&quot;:&quot;section-stretched&quot;,&quot;jet_parallax_layout_list&quot;:[],&quot;background_background&quot;:&quot;slideshow&quot;,&quot;background_slideshow_gallery&quot;:[{&quot;id&quot;:1020,&quot;url&quot;:&quot;https:\\\/\\\/faculdadesantateresa.edu.br\\\/goiania\\\/wp-content\\\/uploads\\\/2025\\\/06\\\/FST-Entrada-da-Sede.webp&quot;}],&quot;background_slideshow_loop&quot;:&quot;yes&quot;,&quot;background_slideshow_slide_duration&quot;:5000,&quot;background_slideshow_slide_transition&quot;:&quot;fade&quot;,&quot;background_slideshow_transition_duration&quot;:500}\">\n\t\t\t\t\t\t\t<div class=\"elementor-background-overlay\"><\/div>\n\t\t\t\t\t\t\t<div class=\"elementor-container elementor-column-gap-default\">\n\t\t\t\t\t<div class=\"elementor-column elementor-col-100 elementor-top-column elementor-element elementor-element-50b0629\" data-id=\"50b0629\" data-element_type=\"column\" data-e-type=\"column\">\n\t\t\t<div class=\"elementor-widget-wrap elementor-element-populated\">\n\t\t\t\t\t\t<section class=\"elementor-section elementor-inner-section elementor-element elementor-element-2f4e710 elementor-section-boxed elementor-section-height-default elementor-section-height-default\" data-id=\"2f4e710\" data-element_type=\"section\" data-e-type=\"section\" data-settings=\"{&quot;jet_parallax_layout_list&quot;:[]}\">\n\t\t\t\t\t\t<div class=\"elementor-container elementor-column-gap-default\">\n\t\t\t\t\t<div class=\"elementor-column elementor-col-100 elementor-inner-column elementor-element elementor-element-d605a55\" data-id=\"d605a55\" data-element_type=\"column\" data-e-type=\"column\">\n\t\t\t<div class=\"elementor-widget-wrap elementor-element-populated\">\n\t\t\t\t\t\t<div class=\"elementor-element elementor-element-06c3dbf elementor-widget elementor-widget-raven-post-title\" data-id=\"06c3dbf\" data-element_type=\"widget\" data-e-type=\"widget\" data-widget_type=\"raven-post-title.default\">\n\t\t\t\t<div class=\"elementor-widget-container\">\n\t\t\t\t\t<h1 class=\"raven-post-title\">Pol\u00edticas Institucionais<\/h1>\t\t\t\t<\/div>\n\t\t\t\t<\/div>\n\t\t\t\t\t<\/div>\n\t\t<\/div>\n\t\t\t\t\t<\/div>\n\t\t<\/section>\n\t\t\t\t\t<\/div>\n\t\t<\/div>\n\t\t\t\t\t<\/div>\n\t\t<\/section>\n\t\t\t\t<section class=\"elementor-section elementor-top-section elementor-element elementor-element-991daa7 elementor-section-boxed elementor-section-height-default elementor-section-height-default\" data-id=\"991daa7\" data-element_type=\"section\" data-e-type=\"section\" data-settings=\"{&quot;jet_parallax_layout_list&quot;:[]}\">\n\t\t\t\t\t\t<div class=\"elementor-container elementor-column-gap-default\">\n\t\t\t\t\t<div class=\"elementor-column elementor-col-100 elementor-top-column elementor-element elementor-element-e48b973\" data-id=\"e48b973\" data-element_type=\"column\" data-e-type=\"column\">\n\t\t\t<div class=\"elementor-widget-wrap elementor-element-populated\">\n\t\t\t\t\t\t<div class=\"elementor-element elementor-element-02de591 elementor-widget elementor-widget-heading\" data-id=\"02de591\" data-element_type=\"widget\" data-e-type=\"widget\" data-widget_type=\"heading.default\">\n\t\t\t\t<div class=\"elementor-widget-container\">\n\t\t\t\t\t<h2 class=\"elementor-heading-title elementor-size-default\">Projeto de Responsabilidade Social<\/h2>\t\t\t\t<\/div>\n\t\t\t\t<\/div>\n\t\t\t\t<div class=\"elementor-element elementor-element-879a05f elementor-widget elementor-widget-text-editor\" data-id=\"879a05f\" data-element_type=\"widget\" data-e-type=\"widget\" data-widget_type=\"text-editor.default\">\n\t\t\t\t<div class=\"elementor-widget-container\">\n\t\t\t\t\t\t\t\t\t<p style=\"text-align: justify;\">A FACULDADE SANTA TERESA, compreende que sua maior a\u00e7\u00e3o de responsabilidade social, reside na tarefa que abra\u00e7ou para si mediante a sua miss\u00e3o institucional que se expressa pelo compromisso de promover dissemina\u00e7\u00e3o e constru\u00e7\u00e3o do conhecimento, a partir do ensino, da pesquisa e da extens\u00e3o formando profissionais com princ\u00edpios human\u00edsticos e \u00e9ticos, tendo em vista a responsabilidade social e o desenvolvimento da Amaz\u00f4nia, neste sentido, nosso maior compromisso se expressa na responsabilidade de fornecer ao Estado do Amazonas profissionais engajados com a melhoria da qualidade de vida da comunidade local e o desenvolvimento econ\u00f4mico, por meio da realiza\u00e7\u00e3o da profiss\u00e3o que escolheram. Nesta dire\u00e7\u00e3o, a IES, realiza uma s\u00e9rie de atividades de forma\u00e7\u00e3o e presta\u00e7\u00e3o de servi\u00e7os principalmente por meio dos seus laborat\u00f3rios e n\u00facleos.<\/p><ul><li>EMPRELAB \u2013 Laborat\u00f3rio de Empreendedorismo e Inova\u00e7\u00e3o: espa\u00e7o de coworking para desenvolvimento de projetos voltados para O empreendedorismo e projetos de inova\u00e7\u00e3o, principalmente nas \u00e1reas de log\u00edstica e neg\u00f3cios<\/li><li>NEXT \u2013 N\u00facleo de Extens\u00e3o da Faculdade Santa Teresa: Tem como objetivo planejar, promover e organizar atividades de extens\u00e3o por meio da realiza\u00e7\u00e3o de programas; projetos; cursos e oficinas; eventos; presta\u00e7\u00e3o de servi\u00e7os, em acordo com as orienta\u00e7\u00f5es expressas nas novas Diretrizes para a Extens\u00e3o na Educa\u00e7\u00e3o Superior Brasileira, expressas na RESOLU\u00c7\u00c3O N\u00ba 7, DE 18 DE DEZEMBRO DE 2018.<\/li><\/ul>\t\t\t\t\t\t\t\t<\/div>\n\t\t\t\t<\/div>\n\t\t\t\t\t<\/div>\n\t\t<\/div>\n\t\t\t\t\t<\/div>\n\t\t<\/section>\n\t\t\t\t<section class=\"elementor-section elementor-top-section elementor-element elementor-element-f7eb61b elementor-section-boxed elementor-section-height-default elementor-section-height-default\" data-id=\"f7eb61b\" data-element_type=\"section\" data-e-type=\"section\" data-settings=\"{&quot;jet_parallax_layout_list&quot;:[]}\">\n\t\t\t\t\t\t<div class=\"elementor-container elementor-column-gap-default\">\n\t\t\t\t\t<div class=\"elementor-column elementor-col-100 elementor-top-column elementor-element elementor-element-7bdcf30\" data-id=\"7bdcf30\" data-element_type=\"column\" data-e-type=\"column\">\n\t\t\t<div class=\"elementor-widget-wrap elementor-element-populated\">\n\t\t\t\t\t\t<div class=\"elementor-element elementor-element-1fe3612 elementor-widget elementor-widget-heading\" data-id=\"1fe3612\" data-element_type=\"widget\" data-e-type=\"widget\" data-widget_type=\"heading.default\">\n\t\t\t\t<div class=\"elementor-widget-container\">\n\t\t\t\t\t<h2 class=\"elementor-heading-title elementor-size-default\">EMPRELAB<\/h2>\t\t\t\t<\/div>\n\t\t\t\t<\/div>\n\t\t\t\t<div class=\"elementor-element elementor-element-0789bcc elementor-widget elementor-widget-text-editor\" data-id=\"0789bcc\" data-element_type=\"widget\" data-e-type=\"widget\" data-widget_type=\"text-editor.default\">\n\t\t\t\t<div class=\"elementor-widget-container\">\n\t\t\t\t\t\t\t\t\t<p style=\"text-align: justify;\"><strong>EMPRELAB<\/strong>\u00a0\u2013 Laborat\u00f3rio de Empreendedorismo e Inova\u00e7\u00e3o: espa\u00e7o de COWORKING para desenvolvimento de projetos voltados para O empreendedorismo e projetos de inova\u00e7\u00e3o, principalmente nas \u00e1reas de log\u00edstica e neg\u00f3cios.<\/p>\t\t\t\t\t\t\t\t<\/div>\n\t\t\t\t<\/div>\n\t\t\t\t\t<\/div>\n\t\t<\/div>\n\t\t\t\t\t<\/div>\n\t\t<\/section>\n\t\t\t\t<section class=\"elementor-section elementor-top-section elementor-element elementor-element-f9bd47f elementor-section-boxed elementor-section-height-default elementor-section-height-default\" data-id=\"f9bd47f\" data-element_type=\"section\" data-e-type=\"section\" data-settings=\"{&quot;jet_parallax_layout_list&quot;:[]}\">\n\t\t\t\t\t\t<div class=\"elementor-container elementor-column-gap-default\">\n\t\t\t\t\t<div class=\"elementor-column elementor-col-100 elementor-top-column elementor-element elementor-element-07cfa5f\" data-id=\"07cfa5f\" data-element_type=\"column\" data-e-type=\"column\">\n\t\t\t<div class=\"elementor-widget-wrap elementor-element-populated\">\n\t\t\t\t\t\t<div class=\"elementor-element elementor-element-3131819 elementor-widget elementor-widget-heading\" data-id=\"3131819\" data-element_type=\"widget\" data-e-type=\"widget\" data-widget_type=\"heading.default\">\n\t\t\t\t<div class=\"elementor-widget-container\">\n\t\t\t\t\t<h2 class=\"elementor-heading-title elementor-size-default\">NEXT<\/h2>\t\t\t\t<\/div>\n\t\t\t\t<\/div>\n\t\t\t\t<div class=\"elementor-element elementor-element-ba9d331 elementor-widget elementor-widget-text-editor\" data-id=\"ba9d331\" data-element_type=\"widget\" data-e-type=\"widget\" data-widget_type=\"text-editor.default\">\n\t\t\t\t<div class=\"elementor-widget-container\">\n\t\t\t\t\t\t\t\t\t<p style=\"text-align: justify;\"><strong>NEXT<\/strong>\u00a0\u2013 N\u00facleo de Extens\u00e3o da Faculdade Santa Teresa, tem como objetivo planejar, promover e organizar atividades de extens\u00e3o por meio da realiza\u00e7\u00e3o de programas; projetos; cursos e oficinas; eventos; presta\u00e7\u00e3o de servi\u00e7os, em acordo com as orienta\u00e7\u00f5es expressas nas novas Diretrizes para a Extens\u00e3o na Educa\u00e7\u00e3o Superior Brasileira, expressas na RESOLU\u00c7\u00c3O N\u00ba 7, DE 18 DE DEZEMBRO DE 2018.<\/p>\t\t\t\t\t\t\t\t<\/div>\n\t\t\t\t<\/div>\n\t\t\t\t\t<\/div>\n\t\t<\/div>\n\t\t\t\t\t<\/div>\n\t\t<\/section>\n\t\t\t\t<\/div>\n\t\t","protected":false},"excerpt":{"rendered":"<p>Projeto de Responsabilidade Social A FACULDADE SANTA TERESA, compreende que sua maior a\u00e7\u00e3o de responsabilidade social, reside na tarefa que abra\u00e7ou para si mediante a sua miss\u00e3o institucional que se expressa pelo compromisso de promover dissemina\u00e7\u00e3o e constru\u00e7\u00e3o do conhecimento, a partir do ensino, da pesquisa e da extens\u00e3o formando profissionais com princ\u00edpios human\u00edsticos e [&hellip;]<\/p>\n","protected":false},"author":6,"featured_media":0,"parent":0,"menu_order":0,"comment_status":"closed","ping_status":"closed","template":"","meta":{"_acf_changed":false,"footnotes":""},"class_list":["post-869","page","type-page","status-publish","hentry"],"acf":[],"_links":{"self":[{"href":"https:\/\/faculdadesantateresa.edu.br\/goiania\/wp-json\/wp\/v2\/pages\/869","targetHints":{"allow":["GET"]}}],"collection":[{"href":"https:\/\/faculdadesantateresa.edu.br\/goiania\/wp-json\/wp\/v2\/pages"}],"about":[{"href":"https:\/\/faculdadesantateresa.edu.br\/goiania\/wp-json\/wp\/v2\/types\/page"}],"author":[{"embeddable":true,"href":"https:\/\/faculdadesantateresa.edu.br\/goiania\/wp-json\/wp\/v2\/users\/6"}],"replies":[{"embeddable":true,"href":"https:\/\/faculdadesantateresa.edu.br\/goiania\/wp-json\/wp\/v2\/comments?post=869"}],"version-history":[{"count":6,"href":"https:\/\/faculdadesantateresa.edu.br\/goiania\/wp-json\/wp\/v2\/pages\/869\/revisions"}],"predecessor-version":[{"id":1125,"href":"https:\/\/faculdadesantateresa.edu.br\/goiania\/wp-json\/wp\/v2\/pages\/869\/revisions\/1125"}],"wp:attachment":[{"href":"https:\/\/faculdadesantateresa.edu.br\/goiania\/wp-json\/wp\/v2\/media?parent=869"}],"curies":[{"name":"wp","href":"https:\/\/api.w.org\/{rel}","templated":true}]}}