{"id":898,"date":"2025-03-06T10:19:45","date_gmt":"2025-03-06T14:19:45","guid":{"rendered":"https:\/\/a75d40d4bc.nxcli.io\/goiania\/?page_id=898"},"modified":"2025-11-26T16:51:20","modified_gmt":"2025-11-26T20:51:20","slug":"papeexi","status":"publish","type":"page","link":"https:\/\/faculdadesantateresa.edu.br\/goiania\/pesquisa-extensao\/papeexi\/","title":{"rendered":"PAPEEXI"},"content":{"rendered":"\t\t<div data-elementor-type=\"wp-page\" data-elementor-id=\"898\" class=\"elementor elementor-898\">\n\t\t\t\t\t\t<section class=\"elementor-section elementor-top-section elementor-element elementor-element-7eb61b6 elementor-section-stretched elementor-section-boxed elementor-section-height-default elementor-section-height-default\" data-id=\"7eb61b6\" data-element_type=\"section\" data-e-type=\"section\" data-settings=\"{&quot;stretch_section&quot;:&quot;section-stretched&quot;,&quot;jet_parallax_layout_list&quot;:[],&quot;background_background&quot;:&quot;slideshow&quot;,&quot;background_slideshow_gallery&quot;:[{&quot;id&quot;:1020,&quot;url&quot;:&quot;https:\\\/\\\/faculdadesantateresa.edu.br\\\/boavista\\\/wp-content\\\/uploads\\\/2025\\\/06\\\/FST-Entrada-da-Sede.webp&quot;}],&quot;background_slideshow_loop&quot;:&quot;yes&quot;,&quot;background_slideshow_slide_duration&quot;:5000,&quot;background_slideshow_slide_transition&quot;:&quot;fade&quot;,&quot;background_slideshow_transition_duration&quot;:500}\">\n\t\t\t\t\t\t\t<div class=\"elementor-background-overlay\"><\/div>\n\t\t\t\t\t\t\t<div class=\"elementor-container elementor-column-gap-default\">\n\t\t\t\t\t<div class=\"elementor-column elementor-col-100 elementor-top-column elementor-element elementor-element-1830d08\" data-id=\"1830d08\" data-element_type=\"column\" data-e-type=\"column\">\n\t\t\t<div class=\"elementor-widget-wrap elementor-element-populated\">\n\t\t\t\t\t\t<section class=\"elementor-section elementor-inner-section elementor-element elementor-element-c635a14 elementor-section-boxed elementor-section-height-default elementor-section-height-default\" data-id=\"c635a14\" data-element_type=\"section\" data-e-type=\"section\" data-settings=\"{&quot;jet_parallax_layout_list&quot;:[]}\">\n\t\t\t\t\t\t<div class=\"elementor-container elementor-column-gap-default\">\n\t\t\t\t\t<div class=\"elementor-column elementor-col-100 elementor-inner-column elementor-element elementor-element-7f8dcb4\" data-id=\"7f8dcb4\" data-element_type=\"column\" data-e-type=\"column\">\n\t\t\t<div class=\"elementor-widget-wrap elementor-element-populated\">\n\t\t\t\t\t\t<div class=\"elementor-element elementor-element-71fcb39 elementor-widget elementor-widget-raven-post-title\" data-id=\"71fcb39\" data-element_type=\"widget\" data-e-type=\"widget\" data-widget_type=\"raven-post-title.default\">\n\t\t\t\t<div class=\"elementor-widget-container\">\n\t\t\t\t\t<h1 class=\"raven-post-title\">PAPEEXI<\/h1>\t\t\t\t<\/div>\n\t\t\t\t<\/div>\n\t\t\t\t\t<\/div>\n\t\t<\/div>\n\t\t\t\t\t<\/div>\n\t\t<\/section>\n\t\t\t\t\t<\/div>\n\t\t<\/div>\n\t\t\t\t\t<\/div>\n\t\t<\/section>\n\t\t\t\t<section class=\"elementor-section elementor-top-section elementor-element elementor-element-20a8c5c elementor-section-boxed elementor-section-height-default elementor-section-height-default\" data-id=\"20a8c5c\" data-element_type=\"section\" data-e-type=\"section\" data-settings=\"{&quot;jet_parallax_layout_list&quot;:[]}\">\n\t\t\t\t\t\t<div class=\"elementor-container elementor-column-gap-default\">\n\t\t\t\t\t<div class=\"elementor-column elementor-col-100 elementor-top-column elementor-element elementor-element-062f513\" data-id=\"062f513\" data-element_type=\"column\" data-e-type=\"column\">\n\t\t\t<div class=\"elementor-widget-wrap elementor-element-populated\">\n\t\t\t\t\t\t<div class=\"elementor-element elementor-element-d18bf1a elementor-widget elementor-widget-text-editor\" data-id=\"d18bf1a\" data-element_type=\"widget\" data-e-type=\"widget\" data-widget_type=\"text-editor.default\">\n\t\t\t\t<div class=\"elementor-widget-container\">\n\t\t\t\t\t\t\t\t\t<p>\u2022 Pol\u00edtica de desenvolvimento da PESQUISA CIENT\u00cdFICA E EXTENS\u00c3O, no n\u00edvel da gradua\u00e7\u00e3o e da p\u00f3s-gradua\u00e7\u00e3o, com vistas \u00e0 inova\u00e7\u00e3o tecnol\u00f3gica, cient\u00edfica, art\u00edstico e cultural, a partir das seguintes diretrizes:\u00a0<\/p><p>\u2022 Indissociabilidade do ensino, pesquisa e extens\u00e3o- visando a responsabilidade social;\u00a0<\/p><p>\u2022 Intera\u00e7\u00e3o dial\u00f3gica \u2013 por meio do desenvolvimento de rela\u00e7\u00f5es entre a faculdade e setores sociais em uma troca de saberes para supera\u00e7\u00e3o de desigualdades e exclus\u00e3o;\u00a0<\/p><p>\u2022 Transforma\u00e7\u00e3o social \u2013 estando voltada aos interesses e necessidades da comunidade e para a implementa\u00e7\u00e3o do desenvolvimento regional e de pol\u00edticas p\u00fablicas;\u00a0<\/p><p>\u2022 Pesquisa como processo educativo \u2013 na forma\u00e7\u00e3o de pessoas e de gera\u00e7\u00e3o de conhecimento baseado na flexibiliza\u00e7\u00e3o da forma\u00e7\u00e3o discente para uma forma\u00e7\u00e3o cidad\u00e3 em que o discente se reconhece agente da garantia de direitos e deveres e ao mesmo tempo t\u00e9cnica onde o aluno obt\u00e9m compet\u00eancias necess\u00e1rias e atua\u00e7\u00e3o profissional<\/p>\t\t\t\t\t\t\t\t<\/div>\n\t\t\t\t<\/div>\n\t\t\t\t\t<\/div>\n\t\t<\/div>\n\t\t\t\t\t<\/div>\n\t\t<\/section>\n\t\t\t\t<section class=\"elementor-section elementor-top-section elementor-element elementor-element-df5ff1f elementor-section-boxed elementor-section-height-default elementor-section-height-default\" data-id=\"df5ff1f\" data-element_type=\"section\" data-e-type=\"section\" data-settings=\"{&quot;jet_parallax_layout_list&quot;:[]}\">\n\t\t\t\t\t\t<div class=\"elementor-container elementor-column-gap-default\">\n\t\t\t\t\t<div class=\"elementor-column elementor-col-100 elementor-top-column elementor-element elementor-element-d9575ea\" data-id=\"d9575ea\" data-element_type=\"column\" data-e-type=\"column\">\n\t\t\t<div class=\"elementor-widget-wrap elementor-element-populated\">\n\t\t\t\t\t\t<div class=\"elementor-element elementor-element-1b54c39 elementor-widget elementor-widget-heading\" data-id=\"1b54c39\" data-element_type=\"widget\" data-e-type=\"widget\" data-widget_type=\"heading.default\">\n\t\t\t\t<div class=\"elementor-widget-container\">\n\t\t\t\t\t<h2 class=\"elementor-heading-title elementor-size-default\">Documentos e Formul\u00e1rios<\/h2>\t\t\t\t<\/div>\n\t\t\t\t<\/div>\n\t\t\t\t\t<\/div>\n\t\t<\/div>\n\t\t\t\t\t<\/div>\n\t\t<\/section>\n\t\t\t\t<\/div>\n\t\t","protected":false},"excerpt":{"rendered":"<p>\u2022 Pol\u00edtica de desenvolvimento da PESQUISA CIENT\u00cdFICA E EXTENS\u00c3O, no n\u00edvel da gradua\u00e7\u00e3o e da p\u00f3s-gradua\u00e7\u00e3o, com vistas \u00e0 inova\u00e7\u00e3o tecnol\u00f3gica, cient\u00edfica, art\u00edstico e cultural, a partir das seguintes diretrizes:\u00a0 \u2022 Indissociabilidade do ensino, pesquisa e extens\u00e3o- visando a responsabilidade social;\u00a0 \u2022 Intera\u00e7\u00e3o dial\u00f3gica \u2013 por meio do desenvolvimento de rela\u00e7\u00f5es entre a faculdade e [&hellip;]<\/p>\n","protected":false},"author":6,"featured_media":0,"parent":954,"menu_order":0,"comment_status":"closed","ping_status":"closed","template":"","meta":{"_acf_changed":false,"footnotes":""},"class_list":["post-898","page","type-page","status-publish","hentry"],"acf":[],"_links":{"self":[{"href":"https:\/\/faculdadesantateresa.edu.br\/goiania\/wp-json\/wp\/v2\/pages\/898","targetHints":{"allow":["GET"]}}],"collection":[{"href":"https:\/\/faculdadesantateresa.edu.br\/goiania\/wp-json\/wp\/v2\/pages"}],"about":[{"href":"https:\/\/faculdadesantateresa.edu.br\/goiania\/wp-json\/wp\/v2\/types\/page"}],"author":[{"embeddable":true,"href":"https:\/\/faculdadesantateresa.edu.br\/goiania\/wp-json\/wp\/v2\/users\/6"}],"replies":[{"embeddable":true,"href":"https:\/\/faculdadesantateresa.edu.br\/goiania\/wp-json\/wp\/v2\/comments?post=898"}],"version-history":[{"count":19,"href":"https:\/\/faculdadesantateresa.edu.br\/goiania\/wp-json\/wp\/v2\/pages\/898\/revisions"}],"predecessor-version":[{"id":1614,"href":"https:\/\/faculdadesantateresa.edu.br\/goiania\/wp-json\/wp\/v2\/pages\/898\/revisions\/1614"}],"up":[{"embeddable":true,"href":"https:\/\/faculdadesantateresa.edu.br\/goiania\/wp-json\/wp\/v2\/pages\/954"}],"wp:attachment":[{"href":"https:\/\/faculdadesantateresa.edu.br\/goiania\/wp-json\/wp\/v2\/media?parent=898"}],"curies":[{"name":"wp","href":"https:\/\/api.w.org\/{rel}","templated":true}]}}