{"id":954,"date":"2025-03-06T17:15:48","date_gmt":"2025-03-06T21:15:48","guid":{"rendered":"https:\/\/a75d40d4bc.nxcli.io\/goiania\/?page_id=954"},"modified":"2025-11-26T16:14:44","modified_gmt":"2025-11-26T20:14:44","slug":"pesquisa-extensao","status":"publish","type":"page","link":"https:\/\/faculdadesantateresa.edu.br\/goiania\/pesquisa-extensao\/","title":{"rendered":"Pesquisa &#038; Extens\u00e3o"},"content":{"rendered":"\t\t<div data-elementor-type=\"wp-page\" data-elementor-id=\"954\" class=\"elementor elementor-954\">\n\t\t\t\t\t\t<section class=\"elementor-section elementor-top-section elementor-element elementor-element-fb7039c elementor-section-stretched elementor-section-boxed elementor-section-height-default elementor-section-height-default\" data-id=\"fb7039c\" data-element_type=\"section\" data-e-type=\"section\" data-settings=\"{&quot;stretch_section&quot;:&quot;section-stretched&quot;,&quot;jet_parallax_layout_list&quot;:[],&quot;background_background&quot;:&quot;slideshow&quot;,&quot;background_slideshow_gallery&quot;:[{&quot;id&quot;:1020,&quot;url&quot;:&quot;https:\\\/\\\/faculdadesantateresa.edu.br\\\/boavista\\\/wp-content\\\/uploads\\\/2025\\\/06\\\/FST-Entrada-da-Sede.webp&quot;}],&quot;background_slideshow_loop&quot;:&quot;yes&quot;,&quot;background_slideshow_slide_duration&quot;:5000,&quot;background_slideshow_slide_transition&quot;:&quot;fade&quot;,&quot;background_slideshow_transition_duration&quot;:500}\">\n\t\t\t\t\t\t\t<div class=\"elementor-background-overlay\"><\/div>\n\t\t\t\t\t\t\t<div class=\"elementor-container elementor-column-gap-default\">\n\t\t\t\t\t<div class=\"elementor-column elementor-col-100 elementor-top-column elementor-element elementor-element-9ac102d\" data-id=\"9ac102d\" data-element_type=\"column\" data-e-type=\"column\">\n\t\t\t<div class=\"elementor-widget-wrap elementor-element-populated\">\n\t\t\t\t\t\t<section class=\"elementor-section elementor-inner-section elementor-element elementor-element-e85ad91 elementor-section-boxed elementor-section-height-default elementor-section-height-default\" data-id=\"e85ad91\" data-element_type=\"section\" data-e-type=\"section\" data-settings=\"{&quot;jet_parallax_layout_list&quot;:[]}\">\n\t\t\t\t\t\t<div class=\"elementor-container elementor-column-gap-default\">\n\t\t\t\t\t<div class=\"elementor-column elementor-col-100 elementor-inner-column elementor-element elementor-element-431dd86\" data-id=\"431dd86\" data-element_type=\"column\" data-e-type=\"column\">\n\t\t\t<div class=\"elementor-widget-wrap elementor-element-populated\">\n\t\t\t\t\t\t<div class=\"elementor-element elementor-element-2fe9370 elementor-widget elementor-widget-raven-post-title\" data-id=\"2fe9370\" data-element_type=\"widget\" data-e-type=\"widget\" data-widget_type=\"raven-post-title.default\">\n\t\t\t\t<div class=\"elementor-widget-container\">\n\t\t\t\t\t<h1 class=\"raven-post-title\">Pesquisa &#038; Extens\u00e3o<\/h1>\t\t\t\t<\/div>\n\t\t\t\t<\/div>\n\t\t\t\t\t<\/div>\n\t\t<\/div>\n\t\t\t\t\t<\/div>\n\t\t<\/section>\n\t\t\t\t\t<\/div>\n\t\t<\/div>\n\t\t\t\t\t<\/div>\n\t\t<\/section>\n\t\t\t\t<section class=\"elementor-section elementor-top-section elementor-element elementor-element-c5f0f71 elementor-section-boxed elementor-section-height-default elementor-section-height-default\" data-id=\"c5f0f71\" data-element_type=\"section\" data-e-type=\"section\" data-settings=\"{&quot;jet_parallax_layout_list&quot;:[]}\">\n\t\t\t\t\t\t<div class=\"elementor-container elementor-column-gap-default\">\n\t\t\t\t\t<div class=\"elementor-column elementor-col-100 elementor-top-column elementor-element elementor-element-f3726aa\" data-id=\"f3726aa\" data-element_type=\"column\" data-e-type=\"column\">\n\t\t\t<div class=\"elementor-widget-wrap elementor-element-populated\">\n\t\t\t\t\t\t<div class=\"elementor-element elementor-element-2c3e123 elementor-widget elementor-widget-text-editor\" data-id=\"2c3e123\" data-element_type=\"widget\" data-e-type=\"widget\" data-widget_type=\"text-editor.default\">\n\t\t\t\t<div class=\"elementor-widget-container\">\n\t\t\t\t\t\t\t\t\t<p>A Faculdade Santa Teresa &#8211; Goi\u00e2nia, promove a constru\u00e7\u00e3o do conhecimento, e entende que a pesquisa e extens\u00e3o articuladas com o ensino se integram organicamente \u00e0 forma\u00e7\u00e3o acad\u00eamica, permitindo que docentes e discentes interajam como sujeitos do ato de aprender, e que essa rela\u00e7\u00e3o se transforme dialeticamente num instrumento capaz de associar teoria e pr\u00e1tica, dando suporte \u00e0s mudan\u00e7as necess\u00e1rias ao processo de ensino e aprendizagem.<br \/>A inicia\u00e7\u00e3o cient\u00edfica deve ser um instrumento de constru\u00e7\u00e3o de consci\u00eancia cr\u00edtica que incitar\u00e1 a forma\u00e7\u00e3o do esp\u00edrito cient\u00edfico no acad\u00eamico, transformando-o em um pesquisador, por meio da reflex\u00e3o cr\u00edtica e individual sobre a realidade. Contribui para a forma\u00e7\u00e3o integral, levando o estudante a desenvolver habilidades no campo do m\u00e9todo cient\u00edfico com vias a incorporar a pr\u00e1tica da pesquisa como alicerce de sua forma\u00e7\u00e3o continuada.<\/p><p>A rela\u00e7\u00e3o pesquisa, ensino e extens\u00e3o, promove a democratiza\u00e7\u00e3o do saber acad\u00eamico, permitindo que esse saber, reelaborado e enriquecido retorne \u00e0 sociedade, na pr\u00e1tica da Responsabilidade Social, fortalecendo o papel social da Institui\u00e7\u00e3o.<\/p>\t\t\t\t\t\t\t\t<\/div>\n\t\t\t\t<\/div>\n\t\t\t\t\t<\/div>\n\t\t<\/div>\n\t\t\t\t\t<\/div>\n\t\t<\/section>\n\t\t\t\t<section class=\"elementor-section elementor-top-section elementor-element elementor-element-2102140 elementor-section-boxed elementor-section-height-default elementor-section-height-default\" data-id=\"2102140\" data-element_type=\"section\" data-e-type=\"section\" data-settings=\"{&quot;jet_parallax_layout_list&quot;:[]}\">\n\t\t\t\t\t\t<div class=\"elementor-container elementor-column-gap-default\">\n\t\t\t\t\t<div class=\"elementor-column elementor-col-100 elementor-top-column elementor-element elementor-element-47c7b97\" data-id=\"47c7b97\" data-element_type=\"column\" data-e-type=\"column\">\n\t\t\t<div class=\"elementor-widget-wrap elementor-element-populated\">\n\t\t\t\t\t\t<div class=\"elementor-element elementor-element-7a3f8d2 elementor-widget elementor-widget-heading\" data-id=\"7a3f8d2\" data-element_type=\"widget\" data-e-type=\"widget\" data-widget_type=\"heading.default\">\n\t\t\t\t<div class=\"elementor-widget-container\">\n\t\t\t\t\t<h4 class=\"elementor-heading-title elementor-size-default\">Diretrizes<\/h4>\t\t\t\t<\/div>\n\t\t\t\t<\/div>\n\t\t\t\t<div class=\"elementor-element elementor-element-5974b87 elementor-widget elementor-widget-text-editor\" data-id=\"5974b87\" data-element_type=\"widget\" data-e-type=\"widget\" data-widget_type=\"text-editor.default\">\n\t\t\t\t<div class=\"elementor-widget-container\">\n\t\t\t\t\t\t\t\t\t<p>As diretrizes para o Ensino Superior delineiam Ensino, Pesquisa e Extens\u00e3o como processos fundamentais e interligados na forma\u00e7\u00e3o do graduando. A IES, percebe como primordial o papel que a pesquisa cient\u00edfica e o desenvolvimento tecnol\u00f3gico desenvolvem na busca de explica\u00e7\u00f5es, resultados e solu\u00e7\u00f5es para problemas enfrentados pela sociedade amazonense<\/p>\t\t\t\t\t\t\t\t<\/div>\n\t\t\t\t<\/div>\n\t\t\t\t\t<\/div>\n\t\t<\/div>\n\t\t\t\t\t<\/div>\n\t\t<\/section>\n\t\t\t\t<section class=\"elementor-section elementor-top-section elementor-element elementor-element-b4ddb93 elementor-section-boxed elementor-section-height-default elementor-section-height-default\" data-id=\"b4ddb93\" data-element_type=\"section\" data-e-type=\"section\" data-settings=\"{&quot;jet_parallax_layout_list&quot;:[]}\">\n\t\t\t\t\t\t<div class=\"elementor-container elementor-column-gap-default\">\n\t\t\t\t\t<div class=\"elementor-column elementor-col-100 elementor-top-column elementor-element elementor-element-bd74b8e\" data-id=\"bd74b8e\" data-element_type=\"column\" data-e-type=\"column\">\n\t\t\t<div class=\"elementor-widget-wrap elementor-element-populated\">\n\t\t\t\t\t\t<div class=\"elementor-element elementor-element-b9802d6 elementor-widget elementor-widget-heading\" data-id=\"b9802d6\" data-element_type=\"widget\" data-e-type=\"widget\" data-widget_type=\"heading.default\">\n\t\t\t\t<div class=\"elementor-widget-container\">\n\t\t\t\t\t<h4 class=\"elementor-heading-title elementor-size-default\">Objetivos<\/h4>\t\t\t\t<\/div>\n\t\t\t\t<\/div>\n\t\t\t\t<div class=\"elementor-element elementor-element-b5185f6 elementor-widget elementor-widget-text-editor\" data-id=\"b5185f6\" data-element_type=\"widget\" data-e-type=\"widget\" data-widget_type=\"text-editor.default\">\n\t\t\t\t<div class=\"elementor-widget-container\">\n\t\t\t\t\t\t\t\t\t<ol><li>Contribuir com a forma\u00e7\u00e3o de pensadores e recursos humanos para a pesquisa e para o desenvolvimento tecnol\u00f3gico;<\/li><li>Propiciar ao discente o desenvolvimento de compet\u00eancias, habilidades e atitudes no desenvolvimento de atividades de inicia\u00e7\u00e3o cient\u00edfica e inova\u00e7\u00e3o tecnol\u00f3gica;<\/li><li>Possibilitar o desenvolvimento cr\u00edtico-reflexivo dos discentes atrav\u00e9s do acesso \u00e0 inicia\u00e7\u00e3o \u00e0 metodologia cient\u00edfica;<\/li><li>Estreitar a rela\u00e7\u00e3o pesquisa\/extens\u00e3o, em que ocorre a produ\u00e7\u00e3o do conhecimento capaz de contribuir positivamente para as altera\u00e7\u00f5es significativas das rela\u00e7\u00f5es sociais;<\/li><li>Buscar caminhos para a publica\u00e7\u00e3o e veicula\u00e7\u00e3o da produ\u00e7\u00e3o cient\u00edfica, alicer\u00e7ando o compromisso institucional no desempenho na produ\u00e7\u00e3o da pr\u00e1tica cient\u00edfica e tecnol\u00f3gica.<\/li><\/ol>\t\t\t\t\t\t\t\t<\/div>\n\t\t\t\t<\/div>\n\t\t\t\t\t<\/div>\n\t\t<\/div>\n\t\t\t\t\t<\/div>\n\t\t<\/section>\n\t\t\t\t<section class=\"elementor-section elementor-top-section elementor-element elementor-element-bc9f441 elementor-section-boxed elementor-section-height-default elementor-section-height-default\" data-id=\"bc9f441\" data-element_type=\"section\" data-e-type=\"section\" data-settings=\"{&quot;jet_parallax_layout_list&quot;:[]}\">\n\t\t\t\t\t\t<div class=\"elementor-container elementor-column-gap-default\">\n\t\t\t\t\t<div class=\"elementor-column elementor-col-100 elementor-top-column elementor-element elementor-element-7b51e6c\" data-id=\"7b51e6c\" data-element_type=\"column\" data-e-type=\"column\">\n\t\t\t<div class=\"elementor-widget-wrap elementor-element-populated\">\n\t\t\t\t\t\t<div class=\"elementor-element elementor-element-aa1ba89 elementor-widget elementor-widget-heading\" data-id=\"aa1ba89\" data-element_type=\"widget\" data-e-type=\"widget\" data-widget_type=\"heading.default\">\n\t\t\t\t<div class=\"elementor-widget-container\">\n\t\t\t\t\t<h4 class=\"elementor-heading-title elementor-size-default\">Metas<\/h4>\t\t\t\t<\/div>\n\t\t\t\t<\/div>\n\t\t\t\t<div class=\"elementor-element elementor-element-552bc39 elementor-widget elementor-widget-text-editor\" data-id=\"552bc39\" data-element_type=\"widget\" data-e-type=\"widget\" data-widget_type=\"text-editor.default\">\n\t\t\t\t<div class=\"elementor-widget-container\">\n\t\t\t\t\t\t\t\t\t<ol><li>Promover a valoriza\u00e7\u00e3o das pr\u00e1ticas de pesquisa nos cursos de gradua\u00e7\u00e3o oferecidos pela IES;\u00a0<\/li><li>Apoiar e estimular os cursos da IES na consolida\u00e7\u00e3o da pol\u00edtica de pesquisa para a inicia\u00e7\u00e3o cient\u00edfica e inova\u00e7\u00e3o tecnol\u00f3gica;\u00a0<\/li><li>Apresentar caminhos e condi\u00e7\u00f5es para a produ\u00e7\u00e3o cient\u00edfica do corpo docente e discente da IES.\u00a0<\/li><li>Inserir os discentes da IES na inicia\u00e7\u00e3o cient\u00edfica, considerando a necessidade de desenvolver projetos de pesquisa multidisciplinares e de inova\u00e7\u00e3o tecnol\u00f3gica que contribuam com o desenvolvimento econ\u00f4mico e social da regi\u00e3o.<\/li><\/ol>\t\t\t\t\t\t\t\t<\/div>\n\t\t\t\t<\/div>\n\t\t\t\t\t<\/div>\n\t\t<\/div>\n\t\t\t\t\t<\/div>\n\t\t<\/section>\n\t\t\t\t<\/div>\n\t\t","protected":false},"excerpt":{"rendered":"<p>A , promove a constru\u00e7\u00e3o do conhecimento, e entende que a pesquisa e extens\u00e3o articuladas com o ensino se integram organicamente \u00e0 forma\u00e7\u00e3o acad\u00eamica, permitindo que docentes e discentes interajam como sujeitos do ato de aprender, e que essa rela\u00e7\u00e3o se transforme dialeticamente num instrumento capaz de associar teoria e pr\u00e1tica, dando suporte \u00e0s mudan\u00e7as [&hellip;]<\/p>\n","protected":false},"author":6,"featured_media":0,"parent":0,"menu_order":0,"comment_status":"closed","ping_status":"closed","template":"","meta":{"_acf_changed":false,"footnotes":""},"class_list":["post-954","page","type-page","status-publish","hentry"],"acf":[],"_links":{"self":[{"href":"https:\/\/faculdadesantateresa.edu.br\/goiania\/wp-json\/wp\/v2\/pages\/954","targetHints":{"allow":["GET"]}}],"collection":[{"href":"https:\/\/faculdadesantateresa.edu.br\/goiania\/wp-json\/wp\/v2\/pages"}],"about":[{"href":"https:\/\/faculdadesantateresa.edu.br\/goiania\/wp-json\/wp\/v2\/types\/page"}],"author":[{"embeddable":true,"href":"https:\/\/faculdadesantateresa.edu.br\/goiania\/wp-json\/wp\/v2\/users\/6"}],"replies":[{"embeddable":true,"href":"https:\/\/faculdadesantateresa.edu.br\/goiania\/wp-json\/wp\/v2\/comments?post=954"}],"version-history":[{"count":13,"href":"https:\/\/faculdadesantateresa.edu.br\/goiania\/wp-json\/wp\/v2\/pages\/954\/revisions"}],"predecessor-version":[{"id":1611,"href":"https:\/\/faculdadesantateresa.edu.br\/goiania\/wp-json\/wp\/v2\/pages\/954\/revisions\/1611"}],"wp:attachment":[{"href":"https:\/\/faculdadesantateresa.edu.br\/goiania\/wp-json\/wp\/v2\/media?parent=954"}],"curies":[{"name":"wp","href":"https:\/\/api.w.org\/{rel}","templated":true}]}}